{"id":3672,"date":"2020-10-09T15:24:36","date_gmt":"2020-10-09T13:24:36","guid":{"rendered":"https:\/\/www.lestudiophotodalexandra.fr\/?post_type=product&#038;p=3672"},"modified":"2021-06-24T17:42:08","modified_gmt":"2021-06-24T15:42:08","slug":"seance-photo-avec-une-toile-30x40-cm","status":"publish","type":"product","link":"https:\/\/www.lestudiophotodalexandra.fr\/index.php\/produit\/seance-photo-avec-une-toile-30x40-cm\/","title":{"rendered":"S\u00e9ance photo avec une toile 30&#215;40 cm"},"content":{"rendered":"<ul>\n<li>Une s\u00e9ance photo de 45 minutes<\/li>\n<li>1 portrait sur toile au format 30&#215;40 cm<\/li>\n<\/ul>\n","protected":false},"excerpt":{"rendered":"<p>Une s\u00e9ance photo de 45 minutes 1 portrait sur toile au format 30&#215;40 cm<\/p>\n","protected":false},"featured_media":3714,"template":"","meta":[],"product_brand":[],"product_cat":[54],"product_tag":[],"class_list":{"0":"post-3672","1":"product","2":"type-product","3":"status-publish","4":"has-post-thumbnail","6":"product_cat-seance-photo","8":"first","9":"instock","10":"virtual","11":"taxable","12":"purchasable","13":"product-type-simple"},"yoast_head":"<!-- This site is optimized with the Yoast SEO plugin v26.9 - https:\/\/yoast.com\/product\/yoast-seo-wordpress\/ -->\n<title>S\u00e9ance photo avec une toile 30x40 cm - Le Studio Photo D&#039;Alexandra - Gu\u00e9men\u00e9-Penfao<\/title>\n<meta name=\"robots\" content=\"index, follow, max-snippet:-1, max-image-preview:large, max-video-preview:-1\" \/>\n<link rel=\"canonical\" href=\"https:\/\/www.lestudiophotodalexandra.fr\/index.php\/produit\/seance-photo-avec-une-toile-30x40-cm\/\" \/>\n<meta property=\"og:locale\" content=\"fr_FR\" \/>\n<meta property=\"og:type\" content=\"article\" \/>\n<meta property=\"og:title\" content=\"S\u00e9ance photo avec une toile 30x40 cm - Le Studio Photo D&#039;Alexandra - Gu\u00e9men\u00e9-Penfao\" \/>\n<meta property=\"og:description\" content=\"Une s\u00e9ance photo de 45 minutes 1 portrait sur toile au format 30&#215;40 cm\" \/>\n<meta property=\"og:url\" content=\"https:\/\/www.lestudiophotodalexandra.fr\/index.php\/produit\/seance-photo-avec-une-toile-30x40-cm\/\" \/>\n<meta property=\"og:site_name\" content=\"Le Studio Photo D&#039;Alexandra - Gu\u00e9men\u00e9-Penfao\" \/>\n<meta property=\"article:modified_time\" content=\"2021-06-24T15:42:08+00:00\" \/>\n<meta property=\"og:image\" content=\"https:\/\/www.lestudiophotodalexandra.fr\/wp-content\/uploads\/2020\/10\/image-bon-cadeau-site-internet.jpg\" \/>\n\t<meta property=\"og:image:width\" content=\"1500\" \/>\n\t<meta property=\"og:image:height\" content=\"1500\" \/>\n\t<meta property=\"og:image:type\" content=\"image\/jpeg\" \/>\n<meta name=\"twitter:card\" content=\"summary_large_image\" \/>\n<script type=\"application\/ld+json\" class=\"yoast-schema-graph\">{\"@context\":\"https:\/\/schema.org\",\"@graph\":[{\"@type\":\"WebPage\",\"@id\":\"https:\/\/www.lestudiophotodalexandra.fr\/index.php\/produit\/seance-photo-avec-une-toile-30x40-cm\/\",\"url\":\"https:\/\/www.lestudiophotodalexandra.fr\/index.php\/produit\/seance-photo-avec-une-toile-30x40-cm\/\",\"name\":\"S\u00e9ance photo avec une toile 30x40 cm - Le Studio Photo D&#039;Alexandra - Gu\u00e9men\u00e9-Penfao\",\"isPartOf\":{\"@id\":\"https:\/\/www.lestudiophotodalexandra.fr\/#website\"},\"primaryImageOfPage\":{\"@id\":\"https:\/\/www.lestudiophotodalexandra.fr\/index.php\/produit\/seance-photo-avec-une-toile-30x40-cm\/#primaryimage\"},\"image\":{\"@id\":\"https:\/\/www.lestudiophotodalexandra.fr\/index.php\/produit\/seance-photo-avec-une-toile-30x40-cm\/#primaryimage\"},\"thumbnailUrl\":\"https:\/\/www.lestudiophotodalexandra.fr\/wp-content\/uploads\/2020\/10\/image-bon-cadeau-site-internet.jpg\",\"datePublished\":\"2020-10-09T13:24:36+00:00\",\"dateModified\":\"2021-06-24T15:42:08+00:00\",\"breadcrumb\":{\"@id\":\"https:\/\/www.lestudiophotodalexandra.fr\/index.php\/produit\/seance-photo-avec-une-toile-30x40-cm\/#breadcrumb\"},\"inLanguage\":\"fr-FR\",\"potentialAction\":[{\"@type\":\"ReadAction\",\"target\":[\"https:\/\/www.lestudiophotodalexandra.fr\/index.php\/produit\/seance-photo-avec-une-toile-30x40-cm\/\"]}]},{\"@type\":\"ImageObject\",\"inLanguage\":\"fr-FR\",\"@id\":\"https:\/\/www.lestudiophotodalexandra.fr\/index.php\/produit\/seance-photo-avec-une-toile-30x40-cm\/#primaryimage\",\"url\":\"https:\/\/www.lestudiophotodalexandra.fr\/wp-content\/uploads\/2020\/10\/image-bon-cadeau-site-internet.jpg\",\"contentUrl\":\"https:\/\/www.lestudiophotodalexandra.fr\/wp-content\/uploads\/2020\/10\/image-bon-cadeau-site-internet.jpg\",\"width\":1500,\"height\":1500},{\"@type\":\"BreadcrumbList\",\"@id\":\"https:\/\/www.lestudiophotodalexandra.fr\/index.php\/produit\/seance-photo-avec-une-toile-30x40-cm\/#breadcrumb\",\"itemListElement\":[{\"@type\":\"ListItem\",\"position\":1,\"name\":\"Accueil\",\"item\":\"https:\/\/www.lestudiophotodalexandra.fr\/\"},{\"@type\":\"ListItem\",\"position\":2,\"name\":\"Boutique\",\"item\":\"https:\/\/www.lestudiophotodalexandra.fr\/index.php\/boutique\/\"},{\"@type\":\"ListItem\",\"position\":3,\"name\":\"S\u00e9ance photo avec une toile 30&#215;40 cm\"}]},{\"@type\":\"WebSite\",\"@id\":\"https:\/\/www.lestudiophotodalexandra.fr\/#website\",\"url\":\"https:\/\/www.lestudiophotodalexandra.fr\/\",\"name\":\"Le Studio Photo D&#039;Alexandra - Gu\u00e9men\u00e9-Penfao\",\"description\":\"Photographe de mariage, portrait, scolaire\",\"publisher\":{\"@id\":\"https:\/\/www.lestudiophotodalexandra.fr\/#organization\"},\"potentialAction\":[{\"@type\":\"SearchAction\",\"target\":{\"@type\":\"EntryPoint\",\"urlTemplate\":\"https:\/\/www.lestudiophotodalexandra.fr\/?s={search_term_string}\"},\"query-input\":{\"@type\":\"PropertyValueSpecification\",\"valueRequired\":true,\"valueName\":\"search_term_string\"}}],\"inLanguage\":\"fr-FR\"},{\"@type\":\"Organization\",\"@id\":\"https:\/\/www.lestudiophotodalexandra.fr\/#organization\",\"name\":\"Le Studio Photo D&#039;Alexandra - Gu\u00e9men\u00e9-Penfao\",\"url\":\"https:\/\/www.lestudiophotodalexandra.fr\/\",\"logo\":{\"@type\":\"ImageObject\",\"inLanguage\":\"fr-FR\",\"@id\":\"https:\/\/www.lestudiophotodalexandra.fr\/#\/schema\/logo\/image\/\",\"url\":\"https:\/\/www.lestudiophotodalexandra.fr\/wp-content\/uploads\/2018\/10\/logo_site.png\",\"contentUrl\":\"https:\/\/www.lestudiophotodalexandra.fr\/wp-content\/uploads\/2018\/10\/logo_site.png\",\"width\":340,\"height\":156,\"caption\":\"Le Studio Photo D&#039;Alexandra - Gu\u00e9men\u00e9-Penfao\"},\"image\":{\"@id\":\"https:\/\/www.lestudiophotodalexandra.fr\/#\/schema\/logo\/image\/\"}}]}<\/script>\n<!-- \/ Yoast SEO plugin. -->","yoast_head_json":{"title":"S\u00e9ance photo avec une toile 30x40 cm - Le Studio Photo D&#039;Alexandra - Gu\u00e9men\u00e9-Penfao","robots":{"index":"index","follow":"follow","max-snippet":"max-snippet:-1","max-image-preview":"max-image-preview:large","max-video-preview":"max-video-preview:-1"},"canonical":"https:\/\/www.lestudiophotodalexandra.fr\/index.php\/produit\/seance-photo-avec-une-toile-30x40-cm\/","og_locale":"fr_FR","og_type":"article","og_title":"S\u00e9ance photo avec une toile 30x40 cm - Le Studio Photo D&#039;Alexandra - Gu\u00e9men\u00e9-Penfao","og_description":"Une s\u00e9ance photo de 45 minutes 1 portrait sur toile au format 30&#215;40 cm","og_url":"https:\/\/www.lestudiophotodalexandra.fr\/index.php\/produit\/seance-photo-avec-une-toile-30x40-cm\/","og_site_name":"Le Studio Photo D&#039;Alexandra - Gu\u00e9men\u00e9-Penfao","article_modified_time":"2021-06-24T15:42:08+00:00","og_image":[{"width":1500,"height":1500,"url":"https:\/\/www.lestudiophotodalexandra.fr\/wp-content\/uploads\/2020\/10\/image-bon-cadeau-site-internet.jpg","type":"image\/jpeg"}],"twitter_card":"summary_large_image","schema":{"@context":"https:\/\/schema.org","@graph":[{"@type":"WebPage","@id":"https:\/\/www.lestudiophotodalexandra.fr\/index.php\/produit\/seance-photo-avec-une-toile-30x40-cm\/","url":"https:\/\/www.lestudiophotodalexandra.fr\/index.php\/produit\/seance-photo-avec-une-toile-30x40-cm\/","name":"S\u00e9ance photo avec une toile 30x40 cm - Le Studio Photo D&#039;Alexandra - Gu\u00e9men\u00e9-Penfao","isPartOf":{"@id":"https:\/\/www.lestudiophotodalexandra.fr\/#website"},"primaryImageOfPage":{"@id":"https:\/\/www.lestudiophotodalexandra.fr\/index.php\/produit\/seance-photo-avec-une-toile-30x40-cm\/#primaryimage"},"image":{"@id":"https:\/\/www.lestudiophotodalexandra.fr\/index.php\/produit\/seance-photo-avec-une-toile-30x40-cm\/#primaryimage"},"thumbnailUrl":"https:\/\/www.lestudiophotodalexandra.fr\/wp-content\/uploads\/2020\/10\/image-bon-cadeau-site-internet.jpg","datePublished":"2020-10-09T13:24:36+00:00","dateModified":"2021-06-24T15:42:08+00:00","breadcrumb":{"@id":"https:\/\/www.lestudiophotodalexandra.fr\/index.php\/produit\/seance-photo-avec-une-toile-30x40-cm\/#breadcrumb"},"inLanguage":"fr-FR","potentialAction":[{"@type":"ReadAction","target":["https:\/\/www.lestudiophotodalexandra.fr\/index.php\/produit\/seance-photo-avec-une-toile-30x40-cm\/"]}]},{"@type":"ImageObject","inLanguage":"fr-FR","@id":"https:\/\/www.lestudiophotodalexandra.fr\/index.php\/produit\/seance-photo-avec-une-toile-30x40-cm\/#primaryimage","url":"https:\/\/www.lestudiophotodalexandra.fr\/wp-content\/uploads\/2020\/10\/image-bon-cadeau-site-internet.jpg","contentUrl":"https:\/\/www.lestudiophotodalexandra.fr\/wp-content\/uploads\/2020\/10\/image-bon-cadeau-site-internet.jpg","width":1500,"height":1500},{"@type":"BreadcrumbList","@id":"https:\/\/www.lestudiophotodalexandra.fr\/index.php\/produit\/seance-photo-avec-une-toile-30x40-cm\/#breadcrumb","itemListElement":[{"@type":"ListItem","position":1,"name":"Accueil","item":"https:\/\/www.lestudiophotodalexandra.fr\/"},{"@type":"ListItem","position":2,"name":"Boutique","item":"https:\/\/www.lestudiophotodalexandra.fr\/index.php\/boutique\/"},{"@type":"ListItem","position":3,"name":"S\u00e9ance photo avec une toile 30&#215;40 cm"}]},{"@type":"WebSite","@id":"https:\/\/www.lestudiophotodalexandra.fr\/#website","url":"https:\/\/www.lestudiophotodalexandra.fr\/","name":"Le Studio Photo D&#039;Alexandra - Gu\u00e9men\u00e9-Penfao","description":"Photographe de mariage, portrait, scolaire","publisher":{"@id":"https:\/\/www.lestudiophotodalexandra.fr\/#organization"},"potentialAction":[{"@type":"SearchAction","target":{"@type":"EntryPoint","urlTemplate":"https:\/\/www.lestudiophotodalexandra.fr\/?s={search_term_string}"},"query-input":{"@type":"PropertyValueSpecification","valueRequired":true,"valueName":"search_term_string"}}],"inLanguage":"fr-FR"},{"@type":"Organization","@id":"https:\/\/www.lestudiophotodalexandra.fr\/#organization","name":"Le Studio Photo D&#039;Alexandra - Gu\u00e9men\u00e9-Penfao","url":"https:\/\/www.lestudiophotodalexandra.fr\/","logo":{"@type":"ImageObject","inLanguage":"fr-FR","@id":"https:\/\/www.lestudiophotodalexandra.fr\/#\/schema\/logo\/image\/","url":"https:\/\/www.lestudiophotodalexandra.fr\/wp-content\/uploads\/2018\/10\/logo_site.png","contentUrl":"https:\/\/www.lestudiophotodalexandra.fr\/wp-content\/uploads\/2018\/10\/logo_site.png","width":340,"height":156,"caption":"Le Studio Photo D&#039;Alexandra - Gu\u00e9men\u00e9-Penfao"},"image":{"@id":"https:\/\/www.lestudiophotodalexandra.fr\/#\/schema\/logo\/image\/"}}]}},"_links":{"self":[{"href":"https:\/\/www.lestudiophotodalexandra.fr\/index.php\/wp-json\/wp\/v2\/product\/3672","targetHints":{"allow":["GET"]}}],"collection":[{"href":"https:\/\/www.lestudiophotodalexandra.fr\/index.php\/wp-json\/wp\/v2\/product"}],"about":[{"href":"https:\/\/www.lestudiophotodalexandra.fr\/index.php\/wp-json\/wp\/v2\/types\/product"}],"wp:featuredmedia":[{"embeddable":true,"href":"https:\/\/www.lestudiophotodalexandra.fr\/index.php\/wp-json\/wp\/v2\/media\/3714"}],"wp:attachment":[{"href":"https:\/\/www.lestudiophotodalexandra.fr\/index.php\/wp-json\/wp\/v2\/media?parent=3672"}],"wp:term":[{"taxonomy":"product_brand","embeddable":true,"href":"https:\/\/www.lestudiophotodalexandra.fr\/index.php\/wp-json\/wp\/v2\/product_brand?post=3672"},{"taxonomy":"product_cat","embeddable":true,"href":"https:\/\/www.lestudiophotodalexandra.fr\/index.php\/wp-json\/wp\/v2\/product_cat?post=3672"},{"taxonomy":"product_tag","embeddable":true,"href":"https:\/\/www.lestudiophotodalexandra.fr\/index.php\/wp-json\/wp\/v2\/product_tag?post=3672"}],"curies":[{"name":"wp","href":"https:\/\/api.w.org\/{rel}","templated":true}]}}