{"id":3746,"date":"2023-04-18T19:31:34","date_gmt":"2023-04-18T17:31:34","guid":{"rendered":"https:\/\/www.lestudiophotodalexandra.fr\/?page_id=3746"},"modified":"2024-07-23T13:00:52","modified_gmt":"2024-07-23T11:00:52","slug":"photographe-identite-derval","status":"publish","type":"page","link":"https:\/\/www.lestudiophotodalexandra.fr\/index.php\/photographe-identite-derval\/","title":{"rendered":"Photographe identit\u00e9 Derval"},"content":{"rendered":"<\/div><\/div><\/div><!-- close content main div --><\/div><\/div><div id='av_section_1' class='avia-section main_color avia-section-default avia-no-shadow av-section-color-overlay-active avia-bg-style-scroll   av-minimum-height av-minimum-height-50 container_wrap sidebar_right' style = 'background-repeat: no-repeat; background-image: url(https:\/\/www.lestudiophotodalexandra.fr\/wp-content\/uploads\/2023\/04\/modern-photo-studio-with-profess.jpg); background-attachment: scroll; background-position: center center; ' data-section-bg-repeat='no-repeat' ><div class='av-section-color-overlay-wrap'><div class='av-section-color-overlay' style='opacity: 0.8; background-color: #ffffff; '><\/div><div class='container' ><div class='template-page content  av-content-small alpha units'><div class='post-entry post-entry-type-page post-entry-3746'><div class='entry-content-wrapper clearfix'>\n<div class=\"flex_column av_one_full  flex_column_div av-zero-column-padding first  \" style='border-radius:0px; '><div style='padding-bottom:10px;' class='av-special-heading av-special-heading-h1  blockquote modern-quote modern-centered  '><h1 class='av-special-heading-tag '  itemprop=\"headline\"  >Photographe d\u2019identit\u00e9 proche de Derval \u00e0 Gu\u00e9men\u00e9-Penfao<\/h1><div class ='av-subheading av-subheading_below  ' style='font-size:15px;'><p>La planche de 6 identit\u00e9s pour passeport et identit\u00e9 de 10 \u00e0 100 ans.<br \/>\nPour les enfants de 3 ans \u00e0 10 ans et les b\u00e9b\u00e9s d\u2019une semaine \u00e0 3 ans.<\/p>\n<p>Photo du permis de conduire num\u00e9rique avec code et signature.<br \/>\nAgr\u00e9\u00e9 ANTS dossier pour le permis de conduire.<\/p>\n<\/div><div class='special-heading-border'><div class='special-heading-inner-border' ><\/div><\/div><\/div><\/div><\/div><\/div><\/div><!-- close content main div --><\/div><\/div><\/div><div id='after_section_1' class='main_color av_default_container_wrap container_wrap sidebar_right'   ><div class='container' ><div class='template-page content  av-content-small alpha units'><div class='post-entry post-entry-type-page post-entry-3746'><div class='entry-content-wrapper clearfix'><div class=\"flex_column av_one_half  flex_column_div av-zero-column-padding first  \" style='border-radius:0px; '><p><div class='avia-image-container  av-styling-    avia-align-center '  itemscope=\"itemscope\" itemtype=\"https:\/\/schema.org\/ImageObject\"  ><div class='avia-image-container-inner'><img class='avia_image ' src='https:\/\/www.lestudiophotodalexandra.fr\/wp-content\/uploads\/2023\/04\/Capture-decran-2023-04-18-a-19.25.33.png' alt='' title='Capture d\u2019e\u0301cran 2023-04-18 a\u0300 19.25.33'   itemprop=\"thumbnailUrl\"  \/><\/div><\/div><br \/>\n<div class='avia-image-container  av-styling-    avia-align-center '  itemscope=\"itemscope\" itemtype=\"https:\/\/schema.org\/ImageObject\"  ><div class='avia-image-container-inner'><img class='avia_image ' src='https:\/\/www.lestudiophotodalexandra.fr\/wp-content\/uploads\/2023\/04\/Capture-decran-2023-04-18-a-19.25.41.png' alt='' title='Capture d\u2019e\u0301cran 2023-04-18 a\u0300 19.25.41'   itemprop=\"thumbnailUrl\"  \/><\/div><\/div><\/p><\/div><\/p>\n<div class=\"flex_column av_one_half  flex_column_div av-zero-column-padding   \" style='border-radius:0px; '><p><div style='padding-bottom:10px;' class='av-special-heading av-special-heading-h2  blockquote modern-quote modern-centered  '><h2 class='av-special-heading-tag '  itemprop=\"headline\"  >La photographie d\u2019identit\u00e9<\/h2><div class='special-heading-border'><div class='special-heading-inner-border' ><\/div><\/div><\/div><br \/>\n<section class=\"av_textblock_section \"  itemscope=\"itemscope\" itemtype=\"https:\/\/schema.org\/CreativeWork\" ><div class='avia_textblock  '   itemprop=\"text\" ><p style=\"text-align: center;\">Si vous recherchez un photographe pour votre identit\u00e9 \u00e0 Gu\u00e9men\u00e9-Penfao, vous \u00eates au bon endroit ! Je suis un photographe professionnel sp\u00e9cialis\u00e9 dans la photographie d&rsquo;identit\u00e9, et je serais ravi de vous aider \u00e0 obtenir la photo parfaite pour tous vos besoins officiels.<\/p>\n<p style=\"text-align: center;\">Que vous ayez besoin d&rsquo;une photo d&rsquo;identit\u00e9 pour un passeport, un permis de conduire, une carte d&rsquo;identit\u00e9, une carte de transport ou tout autre document officiel, je suis l\u00e0 pour vous aider. Je suis exp\u00e9riment\u00e9 dans la prise de photos conformes aux normes officielles, tout en m&rsquo;assurant que vous ressortiez sous votre meilleur jour.<\/p>\n<p style=\"text-align: center;\">Ma priorit\u00e9 est de vous mettre \u00e0 l&rsquo;aise pendant la s\u00e9ance photo, afin de vous permettre de vous d\u00e9tendre et de vous sentir \u00e0 l&rsquo;aise. Je suis l\u00e0 pour vous guider tout au long du processus, et pour m&rsquo;assurer que vous \u00eates satisfait du r\u00e9sultat final.<\/p>\n<p style=\"text-align: center;\">En tant que photographe d&rsquo;identit\u00e9 professionnel \u00e0 Gu\u00e9men\u00e9-Penfao, je sais \u00e0 quel point il est important d&rsquo;obtenir des photos de qualit\u00e9 pour vos documents officiels. C&rsquo;est pourquoi je travaille avec des \u00e9quipements de haute qualit\u00e9 et je fais attention \u00e0 tous les d\u00e9tails pour m&rsquo;assurer que votre photo sera parfaitement nette et bien expos\u00e9e.<\/p>\n<p style=\"text-align: center;\">Alors, si vous recherchez un photographe d&rsquo;identit\u00e9 \u00e0 Gu\u00e9men\u00e9-Penfao, n&rsquo;h\u00e9sitez pas \u00e0 me contacter d\u00e8s maintenant pour prendre rendez-vous. Je suis convaincu que vous serez ravi du r\u00e9sultat final, et je suis impatient de vous aider \u00e0 obtenir la photo d&rsquo;identit\u00e9 parfaite pour tous vos besoins officiels.<\/p>\n<\/div><\/section><\/p><\/div>\n<div style='height:30px' class='hr hr-invisible  '><span class='hr-inner ' ><span class='hr-inner-style'><\/span><\/span><\/div>\n<div class='avia-button-wrap avia-button-center '><a href='https:\/\/www.lestudiophotodalexandra.fr\/index.php\/contact\/' class='avia-button   avia-icon_select-no avia-color-theme-color avia-size-x-large avia-position-center '   ><span class='avia_iconbox_title' >PRENDRE RENDEZ-VOUS POUR VOS PHOTOS D\u2019IDENTIT\u00c9S<\/span><\/a><\/div>\n<div style='height:30px' class='hr hr-invisible  '><span class='hr-inner ' ><span class='hr-inner-style'><\/span><\/span><\/div>\n<div class=\"flex_column av_one_full  flex_column_div av-zero-column-padding first  \" style='border-radius:0px; '><p><div style='padding-bottom:10px;' class='av-special-heading av-special-heading-h3  blockquote modern-quote modern-centered  '><h3 class='av-special-heading-tag '  itemprop=\"headline\"  >Les normes de la photographie d\u2019identit\u00e9 en France<\/h3><div class='special-heading-border'><div class='special-heading-inner-border' ><\/div><\/div><\/div><br \/>\n<section class=\"av_textblock_section \"  itemscope=\"itemscope\" itemtype=\"https:\/\/schema.org\/CreativeWork\" ><div class='avia_textblock  '   itemprop=\"text\" ><p>En France, les normes pour la photographie d&rsquo;identit\u00e9 sont d\u00e9finies par l&rsquo;Agence nationale des titres s\u00e9curis\u00e9s (ANTS), qui est l&rsquo;autorit\u00e9 charg\u00e9e de d\u00e9livrer les titres d&rsquo;identit\u00e9 officiels tels que les passeports, les cartes d&rsquo;identit\u00e9, les permis de conduire, etc.<\/p>\n<p>Voici les normes principales \u00e0 respecter pour une photographie d&rsquo;identit\u00e9 en France :<\/p>\n<ul>\n<li>La photo doit \u00eatre r\u00e9cente (prise dans les 6 mois) et ressembler fid\u00e8lement \u00e0 la personne photographi\u00e9e.<\/li>\n<li>Le fond doit \u00eatre uni et de couleur claire (g\u00e9n\u00e9ralement blanc).<\/li>\n<li>La t\u00eate doit \u00eatre droite, face \u00e0 l&rsquo;objectif, et le visage doit \u00eatre totalement d\u00e9gag\u00e9.<\/li>\n<li>Les yeux doivent \u00eatre ouverts et visibles, sans reflets ni ombres.<\/li>\n<li>La bouche doit \u00eatre ferm\u00e9e, sans sourire ni expression particuli\u00e8re.<\/li>\n<li>Les oreilles doivent \u00eatre visibles, sans \u00eatre cach\u00e9es par les cheveux.<\/li>\n<li>La photo doit \u00eatre nette, sans flou ni d\u00e9formation.<\/li>\n<li>Les dimensions de la photo doivent \u00eatre de 35 x 45 mm.<\/li>\n<\/ul>\n<p>Il est important de respecter ces normes pour que la photo soit accept\u00e9e par les autorit\u00e9s comp\u00e9tentes et pour \u00e9viter tout risque de rejet de la demande de titre d&rsquo;identit\u00e9.<\/p>\n<p>En tant que photographe d&rsquo;identit\u00e9 professionnel, je suis parfaitement inform\u00e9 de ces normes et je veille \u00e0 ce qu&rsquo;elles soient scrupuleusement respect\u00e9es lors de chaque s\u00e9ance photo.<\/p>\n<\/div><\/section><\/p><\/div>\n","protected":false},"excerpt":{"rendered":"","protected":false},"author":2,"featured_media":3732,"parent":0,"menu_order":0,"comment_status":"closed","ping_status":"closed","template":"","meta":{"footnotes":""},"class_list":["post-3746","page","type-page","status-publish","has-post-thumbnail","hentry"],"yoast_head":"<!-- This site is optimized with the Yoast SEO plugin v26.9 - https:\/\/yoast.com\/product\/yoast-seo-wordpress\/ -->\n<title>Photographe identit\u00e9 Derval<\/title>\n<meta name=\"robots\" content=\"index, follow, max-snippet:-1, max-image-preview:large, max-video-preview:-1\" \/>\n<link rel=\"canonical\" href=\"https:\/\/www.lestudiophotodalexandra.fr\/index.php\/photographe-identite-derval\/\" \/>\n<meta property=\"og:locale\" content=\"fr_FR\" \/>\n<meta property=\"og:type\" content=\"article\" \/>\n<meta property=\"og:title\" content=\"Photographe identit\u00e9 Derval\" \/>\n<meta property=\"og:url\" content=\"https:\/\/www.lestudiophotodalexandra.fr\/index.php\/photographe-identite-derval\/\" \/>\n<meta property=\"og:site_name\" content=\"Le Studio Photo D&#039;Alexandra - Gu\u00e9men\u00e9-Penfao\" \/>\n<meta property=\"article:modified_time\" content=\"2024-07-23T11:00:52+00:00\" \/>\n<meta property=\"og:image\" content=\"https:\/\/www.lestudiophotodalexandra.fr\/wp-content\/uploads\/2023\/04\/modern-photo-studio-with-profess.jpg\" \/>\n\t<meta property=\"og:image:width\" content=\"2500\" \/>\n\t<meta property=\"og:image:height\" content=\"1667\" \/>\n\t<meta property=\"og:image:type\" content=\"image\/jpeg\" \/>\n<meta name=\"twitter:card\" content=\"summary_large_image\" \/>\n<meta name=\"twitter:label1\" content=\"Dur\u00e9e de lecture estim\u00e9e\" \/>\n\t<meta name=\"twitter:data1\" content=\"5 minutes\" \/>\n<script type=\"application\/ld+json\" class=\"yoast-schema-graph\">{\"@context\":\"https:\/\/schema.org\",\"@graph\":[{\"@type\":\"WebPage\",\"@id\":\"https:\/\/www.lestudiophotodalexandra.fr\/index.php\/photographe-identite-derval\/\",\"url\":\"https:\/\/www.lestudiophotodalexandra.fr\/index.php\/photographe-identite-derval\/\",\"name\":\"Photographe identit\u00e9 Derval\",\"isPartOf\":{\"@id\":\"https:\/\/www.lestudiophotodalexandra.fr\/#website\"},\"primaryImageOfPage\":{\"@id\":\"https:\/\/www.lestudiophotodalexandra.fr\/index.php\/photographe-identite-derval\/#primaryimage\"},\"image\":{\"@id\":\"https:\/\/www.lestudiophotodalexandra.fr\/index.php\/photographe-identite-derval\/#primaryimage\"},\"thumbnailUrl\":\"https:\/\/www.lestudiophotodalexandra.fr\/wp-content\/uploads\/2023\/04\/modern-photo-studio-with-profess.jpg\",\"datePublished\":\"2023-04-18T17:31:34+00:00\",\"dateModified\":\"2024-07-23T11:00:52+00:00\",\"breadcrumb\":{\"@id\":\"https:\/\/www.lestudiophotodalexandra.fr\/index.php\/photographe-identite-derval\/#breadcrumb\"},\"inLanguage\":\"fr-FR\",\"potentialAction\":[{\"@type\":\"ReadAction\",\"target\":[\"https:\/\/www.lestudiophotodalexandra.fr\/index.php\/photographe-identite-derval\/\"]}]},{\"@type\":\"ImageObject\",\"inLanguage\":\"fr-FR\",\"@id\":\"https:\/\/www.lestudiophotodalexandra.fr\/index.php\/photographe-identite-derval\/#primaryimage\",\"url\":\"https:\/\/www.lestudiophotodalexandra.fr\/wp-content\/uploads\/2023\/04\/modern-photo-studio-with-profess.jpg\",\"contentUrl\":\"https:\/\/www.lestudiophotodalexandra.fr\/wp-content\/uploads\/2023\/04\/modern-photo-studio-with-profess.jpg\",\"width\":2500,\"height\":1667},{\"@type\":\"BreadcrumbList\",\"@id\":\"https:\/\/www.lestudiophotodalexandra.fr\/index.php\/photographe-identite-derval\/#breadcrumb\",\"itemListElement\":[{\"@type\":\"ListItem\",\"position\":1,\"name\":\"Accueil\",\"item\":\"https:\/\/www.lestudiophotodalexandra.fr\/\"},{\"@type\":\"ListItem\",\"position\":2,\"name\":\"Photographe identit\u00e9 Derval\"}]},{\"@type\":\"WebSite\",\"@id\":\"https:\/\/www.lestudiophotodalexandra.fr\/#website\",\"url\":\"https:\/\/www.lestudiophotodalexandra.fr\/\",\"name\":\"Le Studio Photo D&#039;Alexandra - Gu\u00e9men\u00e9-Penfao\",\"description\":\"Photographe de mariage, portrait, scolaire\",\"publisher\":{\"@id\":\"https:\/\/www.lestudiophotodalexandra.fr\/#organization\"},\"potentialAction\":[{\"@type\":\"SearchAction\",\"target\":{\"@type\":\"EntryPoint\",\"urlTemplate\":\"https:\/\/www.lestudiophotodalexandra.fr\/?s={search_term_string}\"},\"query-input\":{\"@type\":\"PropertyValueSpecification\",\"valueRequired\":true,\"valueName\":\"search_term_string\"}}],\"inLanguage\":\"fr-FR\"},{\"@type\":\"Organization\",\"@id\":\"https:\/\/www.lestudiophotodalexandra.fr\/#organization\",\"name\":\"Le Studio Photo D&#039;Alexandra - Gu\u00e9men\u00e9-Penfao\",\"url\":\"https:\/\/www.lestudiophotodalexandra.fr\/\",\"logo\":{\"@type\":\"ImageObject\",\"inLanguage\":\"fr-FR\",\"@id\":\"https:\/\/www.lestudiophotodalexandra.fr\/#\/schema\/logo\/image\/\",\"url\":\"https:\/\/www.lestudiophotodalexandra.fr\/wp-content\/uploads\/2018\/10\/logo_site.png\",\"contentUrl\":\"https:\/\/www.lestudiophotodalexandra.fr\/wp-content\/uploads\/2018\/10\/logo_site.png\",\"width\":340,\"height\":156,\"caption\":\"Le Studio Photo D&#039;Alexandra - Gu\u00e9men\u00e9-Penfao\"},\"image\":{\"@id\":\"https:\/\/www.lestudiophotodalexandra.fr\/#\/schema\/logo\/image\/\"}}]}<\/script>\n<!-- \/ Yoast SEO plugin. -->","yoast_head_json":{"title":"Photographe identit\u00e9 Derval","robots":{"index":"index","follow":"follow","max-snippet":"max-snippet:-1","max-image-preview":"max-image-preview:large","max-video-preview":"max-video-preview:-1"},"canonical":"https:\/\/www.lestudiophotodalexandra.fr\/index.php\/photographe-identite-derval\/","og_locale":"fr_FR","og_type":"article","og_title":"Photographe identit\u00e9 Derval","og_url":"https:\/\/www.lestudiophotodalexandra.fr\/index.php\/photographe-identite-derval\/","og_site_name":"Le Studio Photo D&#039;Alexandra - Gu\u00e9men\u00e9-Penfao","article_modified_time":"2024-07-23T11:00:52+00:00","og_image":[{"width":2500,"height":1667,"url":"https:\/\/www.lestudiophotodalexandra.fr\/wp-content\/uploads\/2023\/04\/modern-photo-studio-with-profess.jpg","type":"image\/jpeg"}],"twitter_card":"summary_large_image","twitter_misc":{"Dur\u00e9e de lecture estim\u00e9e":"5 minutes"},"schema":{"@context":"https:\/\/schema.org","@graph":[{"@type":"WebPage","@id":"https:\/\/www.lestudiophotodalexandra.fr\/index.php\/photographe-identite-derval\/","url":"https:\/\/www.lestudiophotodalexandra.fr\/index.php\/photographe-identite-derval\/","name":"Photographe identit\u00e9 Derval","isPartOf":{"@id":"https:\/\/www.lestudiophotodalexandra.fr\/#website"},"primaryImageOfPage":{"@id":"https:\/\/www.lestudiophotodalexandra.fr\/index.php\/photographe-identite-derval\/#primaryimage"},"image":{"@id":"https:\/\/www.lestudiophotodalexandra.fr\/index.php\/photographe-identite-derval\/#primaryimage"},"thumbnailUrl":"https:\/\/www.lestudiophotodalexandra.fr\/wp-content\/uploads\/2023\/04\/modern-photo-studio-with-profess.jpg","datePublished":"2023-04-18T17:31:34+00:00","dateModified":"2024-07-23T11:00:52+00:00","breadcrumb":{"@id":"https:\/\/www.lestudiophotodalexandra.fr\/index.php\/photographe-identite-derval\/#breadcrumb"},"inLanguage":"fr-FR","potentialAction":[{"@type":"ReadAction","target":["https:\/\/www.lestudiophotodalexandra.fr\/index.php\/photographe-identite-derval\/"]}]},{"@type":"ImageObject","inLanguage":"fr-FR","@id":"https:\/\/www.lestudiophotodalexandra.fr\/index.php\/photographe-identite-derval\/#primaryimage","url":"https:\/\/www.lestudiophotodalexandra.fr\/wp-content\/uploads\/2023\/04\/modern-photo-studio-with-profess.jpg","contentUrl":"https:\/\/www.lestudiophotodalexandra.fr\/wp-content\/uploads\/2023\/04\/modern-photo-studio-with-profess.jpg","width":2500,"height":1667},{"@type":"BreadcrumbList","@id":"https:\/\/www.lestudiophotodalexandra.fr\/index.php\/photographe-identite-derval\/#breadcrumb","itemListElement":[{"@type":"ListItem","position":1,"name":"Accueil","item":"https:\/\/www.lestudiophotodalexandra.fr\/"},{"@type":"ListItem","position":2,"name":"Photographe identit\u00e9 Derval"}]},{"@type":"WebSite","@id":"https:\/\/www.lestudiophotodalexandra.fr\/#website","url":"https:\/\/www.lestudiophotodalexandra.fr\/","name":"Le Studio Photo D&#039;Alexandra - Gu\u00e9men\u00e9-Penfao","description":"Photographe de mariage, portrait, scolaire","publisher":{"@id":"https:\/\/www.lestudiophotodalexandra.fr\/#organization"},"potentialAction":[{"@type":"SearchAction","target":{"@type":"EntryPoint","urlTemplate":"https:\/\/www.lestudiophotodalexandra.fr\/?s={search_term_string}"},"query-input":{"@type":"PropertyValueSpecification","valueRequired":true,"valueName":"search_term_string"}}],"inLanguage":"fr-FR"},{"@type":"Organization","@id":"https:\/\/www.lestudiophotodalexandra.fr\/#organization","name":"Le Studio Photo D&#039;Alexandra - Gu\u00e9men\u00e9-Penfao","url":"https:\/\/www.lestudiophotodalexandra.fr\/","logo":{"@type":"ImageObject","inLanguage":"fr-FR","@id":"https:\/\/www.lestudiophotodalexandra.fr\/#\/schema\/logo\/image\/","url":"https:\/\/www.lestudiophotodalexandra.fr\/wp-content\/uploads\/2018\/10\/logo_site.png","contentUrl":"https:\/\/www.lestudiophotodalexandra.fr\/wp-content\/uploads\/2018\/10\/logo_site.png","width":340,"height":156,"caption":"Le Studio Photo D&#039;Alexandra - Gu\u00e9men\u00e9-Penfao"},"image":{"@id":"https:\/\/www.lestudiophotodalexandra.fr\/#\/schema\/logo\/image\/"}}]}},"_links":{"self":[{"href":"https:\/\/www.lestudiophotodalexandra.fr\/index.php\/wp-json\/wp\/v2\/pages\/3746","targetHints":{"allow":["GET"]}}],"collection":[{"href":"https:\/\/www.lestudiophotodalexandra.fr\/index.php\/wp-json\/wp\/v2\/pages"}],"about":[{"href":"https:\/\/www.lestudiophotodalexandra.fr\/index.php\/wp-json\/wp\/v2\/types\/page"}],"author":[{"embeddable":true,"href":"https:\/\/www.lestudiophotodalexandra.fr\/index.php\/wp-json\/wp\/v2\/users\/2"}],"replies":[{"embeddable":true,"href":"https:\/\/www.lestudiophotodalexandra.fr\/index.php\/wp-json\/wp\/v2\/comments?post=3746"}],"version-history":[{"count":4,"href":"https:\/\/www.lestudiophotodalexandra.fr\/index.php\/wp-json\/wp\/v2\/pages\/3746\/revisions"}],"predecessor-version":[{"id":3770,"href":"https:\/\/www.lestudiophotodalexandra.fr\/index.php\/wp-json\/wp\/v2\/pages\/3746\/revisions\/3770"}],"wp:featuredmedia":[{"embeddable":true,"href":"https:\/\/www.lestudiophotodalexandra.fr\/index.php\/wp-json\/wp\/v2\/media\/3732"}],"wp:attachment":[{"href":"https:\/\/www.lestudiophotodalexandra.fr\/index.php\/wp-json\/wp\/v2\/media?parent=3746"}],"curies":[{"name":"wp","href":"https:\/\/api.w.org\/{rel}","templated":true}]}}