{"id":3310,"date":"2018-10-18T14:35:43","date_gmt":"2018-10-18T12:35:43","guid":{"rendered":"https:\/\/www.lestudiophotodalexandra.fr\/?page_id=3310"},"modified":"2023-04-18T19:28:52","modified_gmt":"2023-04-18T17:28:52","slug":"portrait","status":"publish","type":"page","link":"https:\/\/www.lestudiophotodalexandra.fr\/index.php\/portrait\/","title":{"rendered":"Portrait"},"content":{"rendered":"<\/div><\/div><\/div><!-- close content main div --><\/div><\/div><div id='av_section_1' class='avia-section main_color avia-section-default avia-no-border-styling avia-bg-style-scroll   container_wrap sidebar_right'   ><div class='container' ><div class='template-page content  av-content-small alpha units'><div class='post-entry post-entry-type-page post-entry-3310'><div class='entry-content-wrapper clearfix'>\n<div style='padding-bottom:10px;' class='av-special-heading av-special-heading-h1  blockquote modern-quote modern-centered   '><h1 class='av-special-heading-tag '  itemprop=\"headline\"  >Photographe Portrait en Studio ou Ext\u00e9rieur<\/h1><div class='special-heading-border'><div class='special-heading-inner-border' ><\/div><\/div><\/div>\n<\/div><\/div><\/div><!-- close content main div --><\/div><\/div><div id='after_section_1' class='main_color av_default_container_wrap container_wrap sidebar_right'   ><div class='container' ><div class='template-page content  av-content-small alpha units'><div class='post-entry post-entry-type-page post-entry-3310'><div class='entry-content-wrapper clearfix'>\n<div id='fullscreen_slider_1' class='avia-fullscreen-slider main_color   container_wrap sidebar_right'   ><div  data-size='no scaling'  data-lightbox_size='large'  data-animation='fade'  data-ids='3428,3425'  data-video_counter='0'  data-autoplay='false'  data-bg_slider='true'  data-slide_height='100'  data-handle='av_fullscreen'  data-interval='3'  data-class=' '  data-css_id='fullscreen_slider_1'  data-scroll_down=''  data-control_layout='av-control-default'  data-custom_markup=''  data-perma_caption=''  data-autoplay_stopper=''  data-image_attachment='scroll'  data-min_height='0px'  data-stretch=''  class='avia-slideshow avia-slideshow-1  av-control-default av-default-height-applied avia-slideshow-no scaling av_fullscreen   avia-fade-slider '  itemscope=\"itemscope\" itemtype=\"https:\/\/schema.org\/ImageObject\" ><ul class='avia-slideshow-inner' style='padding-bottom: 66.422947131609%;'><li style='background-position:center center;' data-img-url='https:\/\/www.lestudiophotodalexandra.fr\/wp-content\/uploads\/2018\/11\/DSC3526.jpg' class=' slide-1 ' ><div data-rel='slideshow-1' class='avia-slide-wrap'  ><\/div><\/li><li style='background-position:top left;' data-img-url='https:\/\/www.lestudiophotodalexandra.fr\/wp-content\/uploads\/2018\/11\/DSC_0968-1.jpg' class=' slide-2 ' ><div data-rel='slideshow-1' class='avia-slide-wrap'  ><\/div><\/li><\/ul><div class='avia-slideshow-arrows avia-slideshow-controls'><a href='#prev' class='prev-slide' aria-hidden='true' data-av_icon='\ue87c' data-av_iconfont='entypo-fontello'>Pr\u00e9c\u00e9dent<\/a><a href='#next' class='next-slide' aria-hidden='true' data-av_icon='\ue87d' data-av_iconfont='entypo-fontello'>Suivant<\/a><\/div><div class='avia-slideshow-dots avia-slideshow-controls'><a href='#1' class='goto-slide active' >1<\/a><a href='#2' class='goto-slide ' >2<\/a><\/div><\/div><\/div>\n<\/div><\/div><\/div><!-- close content main div --><\/div><\/div><div id='av_section_2' class='avia-section main_color avia-section-default avia-no-shadow avia-bg-style-scroll   container_wrap sidebar_right' style = 'background-color: #ffffff; '  ><div class='container' ><div class='template-page content  av-content-small alpha units'><div class='post-entry post-entry-type-page post-entry-3310'><div class='entry-content-wrapper clearfix'>\n<section class=\"av_textblock_section \"  itemscope=\"itemscope\" itemtype=\"https:\/\/schema.org\/CreativeWork\" ><div class='avia_textblock  '  style='font-size:16px; '  itemprop=\"text\" ><p style=\"text-align: center;\">Comme photographe \u00e0 Gu\u00e9men\u00e9-Penfao sp\u00e9cialis\u00e9 dans le portrait, je vous propose de d\u00e9couvrir une partie de ma d\u00e9marche photographique.<\/p>\n<p style=\"text-align: center;\">En effet, du portrait individuel, portrait professionnel, portrait corporate, shooting couple, photo de famille\u2026<br \/>\nChaque r\u00e9alisation doit r\u00e9pondre \u00e0 une intention photographique diff\u00e9rente en prenant en consid\u00e9ration votre personnalit\u00e9, vos besoins et vos envies.<\/p>\n<p style=\"text-align: center;\">Ceci \u00e9tant, le point commun est que la sobri\u00e9t\u00e9 laisse place \u00e0 la force du regard et \u00e0 la d\u00e9couverte de la personnalit\u00e9 du mod\u00e8le.<\/p>\n<p style=\"text-align: center;\">De fait, notre approche se situe \u00e0 mi-chemin entre la photographie artistique et le reportage.<br \/>\nPour les portraits que nous r\u00e9alisons, un v\u00e9ritable travail autour de la gestuelle et de l\u2019allure du ou des mod\u00e8les est organis\u00e9 tout au long de la s\u00e9ance de shooting avec douceur et humour.<br \/>\nVous l\u2019aurez compris, cela n\u00e9cessite de prendre son temps, un temps pour vous !<\/p>\n<h2 style=\"text-align: center;\">Un portrait pour chaque moment.<\/h2>\n<p style=\"text-align: center;\">Vous \u00eates un particulier ou un couple, offrez vous les services d\u2019un photographe portraitiste pour obtenir un v\u00e9ritable portrait qui vous mettent en valeur. Je propose des s\u00e9ances photos en studio, o\u00f9 il est possible de jouer avec les lumi\u00e8res pour cr\u00e9er une atmosph\u00e8re particuli\u00e8re et vous mettre en valeur ou\u00a0 en ext\u00e9rieur pour jouer avec le naturel.<\/p>\n<p style=\"text-align: center;\">Vous \u00eates un professionnel, donnez vous les moyens de votre qualit\u00e9 avec une photo de portrait corporate communicante qui puisse vous accompagner sur les m\u00e9dias et vous repr\u00e9senter sur votre carte de visite.<\/p>\n<\/div><\/section>\n<div class='avia-button-wrap avia-button-center '><a href='https:\/\/www.lestudiophotodalexandra.fr\/index.php\/contact\/' class='avia-button   avia-icon_select-no avia-color-theme-color avia-size-large avia-position-center '   ><span class='avia_iconbox_title' >Demandez votre devis<\/span><\/a><\/div>\n<\/div><\/div><\/div><!-- close content main div --><\/div><\/div><div id='after_section_2' class='main_color av_default_container_wrap container_wrap sidebar_right'   ><div class='container' ><div class='template-page content  av-content-small alpha units'><div class='post-entry post-entry-type-page post-entry-3310'><div class='entry-content-wrapper clearfix'>\n","protected":false},"excerpt":{"rendered":"","protected":false},"author":2,"featured_media":0,"parent":0,"menu_order":0,"comment_status":"open","ping_status":"open","template":"","meta":{"footnotes":""},"class_list":["post-3310","page","type-page","status-publish","hentry"],"yoast_head":"<!-- This site is optimized with the Yoast SEO plugin v26.9 - https:\/\/yoast.com\/product\/yoast-seo-wordpress\/ -->\n<title>Portrait et photo de permis agr\u00e9\u00e9 ANTS \u00e0 Gu\u00e9men\u00e9-Penfao<\/title>\n<meta name=\"description\" content=\"Photographe de portrait, je peux r\u00e9aliser vos photos en studio ou en ext\u00e9rieur pour des photo de couple, entreprise, femme enceinte...\" \/>\n<meta name=\"robots\" content=\"index, follow, max-snippet:-1, max-image-preview:large, max-video-preview:-1\" \/>\n<link rel=\"canonical\" href=\"https:\/\/www.lestudiophotodalexandra.fr\/index.php\/portrait\/\" \/>\n<meta property=\"og:locale\" content=\"fr_FR\" \/>\n<meta property=\"og:type\" content=\"article\" \/>\n<meta property=\"og:title\" content=\"Portrait et photo de permis agr\u00e9\u00e9 ANTS \u00e0 Gu\u00e9men\u00e9-Penfao\" \/>\n<meta property=\"og:description\" content=\"Photographe de portrait, je peux r\u00e9aliser vos photos en studio ou en ext\u00e9rieur pour des photo de couple, entreprise, femme enceinte...\" \/>\n<meta property=\"og:url\" content=\"https:\/\/www.lestudiophotodalexandra.fr\/index.php\/portrait\/\" \/>\n<meta property=\"og:site_name\" content=\"Le Studio Photo D&#039;Alexandra - Gu\u00e9men\u00e9-Penfao\" \/>\n<meta property=\"article:modified_time\" content=\"2023-04-18T17:28:52+00:00\" \/>\n<meta name=\"twitter:card\" content=\"summary_large_image\" \/>\n<meta name=\"twitter:label1\" content=\"Dur\u00e9e de lecture estim\u00e9e\" \/>\n\t<meta name=\"twitter:data1\" content=\"3 minutes\" \/>\n<script type=\"application\/ld+json\" class=\"yoast-schema-graph\">{\"@context\":\"https:\/\/schema.org\",\"@graph\":[{\"@type\":\"WebPage\",\"@id\":\"https:\/\/www.lestudiophotodalexandra.fr\/index.php\/portrait\/\",\"url\":\"https:\/\/www.lestudiophotodalexandra.fr\/index.php\/portrait\/\",\"name\":\"Portrait et photo de permis agr\u00e9\u00e9 ANTS \u00e0 Gu\u00e9men\u00e9-Penfao\",\"isPartOf\":{\"@id\":\"https:\/\/www.lestudiophotodalexandra.fr\/#website\"},\"datePublished\":\"2018-10-18T12:35:43+00:00\",\"dateModified\":\"2023-04-18T17:28:52+00:00\",\"description\":\"Photographe de portrait, je peux r\u00e9aliser vos photos en studio ou en ext\u00e9rieur pour des photo de couple, entreprise, femme enceinte...\",\"breadcrumb\":{\"@id\":\"https:\/\/www.lestudiophotodalexandra.fr\/index.php\/portrait\/#breadcrumb\"},\"inLanguage\":\"fr-FR\",\"potentialAction\":[{\"@type\":\"ReadAction\",\"target\":[\"https:\/\/www.lestudiophotodalexandra.fr\/index.php\/portrait\/\"]}]},{\"@type\":\"BreadcrumbList\",\"@id\":\"https:\/\/www.lestudiophotodalexandra.fr\/index.php\/portrait\/#breadcrumb\",\"itemListElement\":[{\"@type\":\"ListItem\",\"position\":1,\"name\":\"Accueil\",\"item\":\"https:\/\/www.lestudiophotodalexandra.fr\/\"},{\"@type\":\"ListItem\",\"position\":2,\"name\":\"Portrait\"}]},{\"@type\":\"WebSite\",\"@id\":\"https:\/\/www.lestudiophotodalexandra.fr\/#website\",\"url\":\"https:\/\/www.lestudiophotodalexandra.fr\/\",\"name\":\"Le Studio Photo D&#039;Alexandra - Gu\u00e9men\u00e9-Penfao\",\"description\":\"Photographe de mariage, portrait, scolaire\",\"publisher\":{\"@id\":\"https:\/\/www.lestudiophotodalexandra.fr\/#organization\"},\"potentialAction\":[{\"@type\":\"SearchAction\",\"target\":{\"@type\":\"EntryPoint\",\"urlTemplate\":\"https:\/\/www.lestudiophotodalexandra.fr\/?s={search_term_string}\"},\"query-input\":{\"@type\":\"PropertyValueSpecification\",\"valueRequired\":true,\"valueName\":\"search_term_string\"}}],\"inLanguage\":\"fr-FR\"},{\"@type\":\"Organization\",\"@id\":\"https:\/\/www.lestudiophotodalexandra.fr\/#organization\",\"name\":\"Le Studio Photo D&#039;Alexandra - Gu\u00e9men\u00e9-Penfao\",\"url\":\"https:\/\/www.lestudiophotodalexandra.fr\/\",\"logo\":{\"@type\":\"ImageObject\",\"inLanguage\":\"fr-FR\",\"@id\":\"https:\/\/www.lestudiophotodalexandra.fr\/#\/schema\/logo\/image\/\",\"url\":\"https:\/\/www.lestudiophotodalexandra.fr\/wp-content\/uploads\/2018\/10\/logo_site.png\",\"contentUrl\":\"https:\/\/www.lestudiophotodalexandra.fr\/wp-content\/uploads\/2018\/10\/logo_site.png\",\"width\":340,\"height\":156,\"caption\":\"Le Studio Photo D&#039;Alexandra - Gu\u00e9men\u00e9-Penfao\"},\"image\":{\"@id\":\"https:\/\/www.lestudiophotodalexandra.fr\/#\/schema\/logo\/image\/\"}}]}<\/script>\n<!-- \/ Yoast SEO plugin. -->","yoast_head_json":{"title":"Portrait et photo de permis agr\u00e9\u00e9 ANTS \u00e0 Gu\u00e9men\u00e9-Penfao","description":"Photographe de portrait, je peux r\u00e9aliser vos photos en studio ou en ext\u00e9rieur pour des photo de couple, entreprise, femme enceinte...","robots":{"index":"index","follow":"follow","max-snippet":"max-snippet:-1","max-image-preview":"max-image-preview:large","max-video-preview":"max-video-preview:-1"},"canonical":"https:\/\/www.lestudiophotodalexandra.fr\/index.php\/portrait\/","og_locale":"fr_FR","og_type":"article","og_title":"Portrait et photo de permis agr\u00e9\u00e9 ANTS \u00e0 Gu\u00e9men\u00e9-Penfao","og_description":"Photographe de portrait, je peux r\u00e9aliser vos photos en studio ou en ext\u00e9rieur pour des photo de couple, entreprise, femme enceinte...","og_url":"https:\/\/www.lestudiophotodalexandra.fr\/index.php\/portrait\/","og_site_name":"Le Studio Photo D&#039;Alexandra - Gu\u00e9men\u00e9-Penfao","article_modified_time":"2023-04-18T17:28:52+00:00","twitter_card":"summary_large_image","twitter_misc":{"Dur\u00e9e de lecture estim\u00e9e":"3 minutes"},"schema":{"@context":"https:\/\/schema.org","@graph":[{"@type":"WebPage","@id":"https:\/\/www.lestudiophotodalexandra.fr\/index.php\/portrait\/","url":"https:\/\/www.lestudiophotodalexandra.fr\/index.php\/portrait\/","name":"Portrait et photo de permis agr\u00e9\u00e9 ANTS \u00e0 Gu\u00e9men\u00e9-Penfao","isPartOf":{"@id":"https:\/\/www.lestudiophotodalexandra.fr\/#website"},"datePublished":"2018-10-18T12:35:43+00:00","dateModified":"2023-04-18T17:28:52+00:00","description":"Photographe de portrait, je peux r\u00e9aliser vos photos en studio ou en ext\u00e9rieur pour des photo de couple, entreprise, femme enceinte...","breadcrumb":{"@id":"https:\/\/www.lestudiophotodalexandra.fr\/index.php\/portrait\/#breadcrumb"},"inLanguage":"fr-FR","potentialAction":[{"@type":"ReadAction","target":["https:\/\/www.lestudiophotodalexandra.fr\/index.php\/portrait\/"]}]},{"@type":"BreadcrumbList","@id":"https:\/\/www.lestudiophotodalexandra.fr\/index.php\/portrait\/#breadcrumb","itemListElement":[{"@type":"ListItem","position":1,"name":"Accueil","item":"https:\/\/www.lestudiophotodalexandra.fr\/"},{"@type":"ListItem","position":2,"name":"Portrait"}]},{"@type":"WebSite","@id":"https:\/\/www.lestudiophotodalexandra.fr\/#website","url":"https:\/\/www.lestudiophotodalexandra.fr\/","name":"Le Studio Photo D&#039;Alexandra - Gu\u00e9men\u00e9-Penfao","description":"Photographe de mariage, portrait, scolaire","publisher":{"@id":"https:\/\/www.lestudiophotodalexandra.fr\/#organization"},"potentialAction":[{"@type":"SearchAction","target":{"@type":"EntryPoint","urlTemplate":"https:\/\/www.lestudiophotodalexandra.fr\/?s={search_term_string}"},"query-input":{"@type":"PropertyValueSpecification","valueRequired":true,"valueName":"search_term_string"}}],"inLanguage":"fr-FR"},{"@type":"Organization","@id":"https:\/\/www.lestudiophotodalexandra.fr\/#organization","name":"Le Studio Photo D&#039;Alexandra - Gu\u00e9men\u00e9-Penfao","url":"https:\/\/www.lestudiophotodalexandra.fr\/","logo":{"@type":"ImageObject","inLanguage":"fr-FR","@id":"https:\/\/www.lestudiophotodalexandra.fr\/#\/schema\/logo\/image\/","url":"https:\/\/www.lestudiophotodalexandra.fr\/wp-content\/uploads\/2018\/10\/logo_site.png","contentUrl":"https:\/\/www.lestudiophotodalexandra.fr\/wp-content\/uploads\/2018\/10\/logo_site.png","width":340,"height":156,"caption":"Le Studio Photo D&#039;Alexandra - Gu\u00e9men\u00e9-Penfao"},"image":{"@id":"https:\/\/www.lestudiophotodalexandra.fr\/#\/schema\/logo\/image\/"}}]}},"_links":{"self":[{"href":"https:\/\/www.lestudiophotodalexandra.fr\/index.php\/wp-json\/wp\/v2\/pages\/3310","targetHints":{"allow":["GET"]}}],"collection":[{"href":"https:\/\/www.lestudiophotodalexandra.fr\/index.php\/wp-json\/wp\/v2\/pages"}],"about":[{"href":"https:\/\/www.lestudiophotodalexandra.fr\/index.php\/wp-json\/wp\/v2\/types\/page"}],"author":[{"embeddable":true,"href":"https:\/\/www.lestudiophotodalexandra.fr\/index.php\/wp-json\/wp\/v2\/users\/2"}],"replies":[{"embeddable":true,"href":"https:\/\/www.lestudiophotodalexandra.fr\/index.php\/wp-json\/wp\/v2\/comments?post=3310"}],"version-history":[{"count":11,"href":"https:\/\/www.lestudiophotodalexandra.fr\/index.php\/wp-json\/wp\/v2\/pages\/3310\/revisions"}],"predecessor-version":[{"id":3743,"href":"https:\/\/www.lestudiophotodalexandra.fr\/index.php\/wp-json\/wp\/v2\/pages\/3310\/revisions\/3743"}],"wp:attachment":[{"href":"https:\/\/www.lestudiophotodalexandra.fr\/index.php\/wp-json\/wp\/v2\/media?parent=3310"}],"curies":[{"name":"wp","href":"https:\/\/api.w.org\/{rel}","templated":true}]}}