{"id":3306,"date":"2018-10-18T14:33:53","date_gmt":"2018-10-18T12:33:53","guid":{"rendered":"https:\/\/www.lestudiophotodalexandra.fr\/?page_id=3306"},"modified":"2018-11-23T14:13:16","modified_gmt":"2018-11-23T13:13:16","slug":"reportage-photo-mariage","status":"publish","type":"page","link":"https:\/\/www.lestudiophotodalexandra.fr\/index.php\/reportage-photo-mariage\/","title":{"rendered":"Reportage Photo Mariage"},"content":{"rendered":"<\/div><\/div><\/div><!-- close content main div --><\/div><\/div><div id='av_section_1' class='avia-section main_color avia-section-default avia-no-border-styling avia-bg-style-scroll   container_wrap sidebar_right'   ><div class='container' ><div class='template-page content  av-content-small alpha units'><div class='post-entry post-entry-type-page post-entry-3306'><div class='entry-content-wrapper clearfix'>\n<div style='padding-bottom:10px;' class='av-special-heading av-special-heading-h1  blockquote modern-quote modern-centered  '><h1 class='av-special-heading-tag '  itemprop=\"headline\"  >Photographe de Mariage<\/h1><div class='special-heading-border'><div class='special-heading-inner-border' ><\/div><\/div><\/div>\n<\/div><\/div><\/div><!-- close content main div --><\/div><\/div><div id='after_section_1' class='main_color av_default_container_wrap container_wrap sidebar_right'   ><div class='container' ><div class='template-page content  av-content-small alpha units'><div class='post-entry post-entry-type-page post-entry-3306'><div class='entry-content-wrapper clearfix'>\n<div id='fullscreen_slider_1' class='avia-fullscreen-slider main_color   container_wrap sidebar_right'   ><div  data-size='no scaling'  data-lightbox_size='large'  data-animation='fade'  data-ids='3383,3381,3379'  data-video_counter='0'  data-autoplay='true'  data-bg_slider='true'  data-slide_height='100'  data-handle='av_fullscreen'  data-interval='3'  data-class=' '  data-css_id='fullscreen_slider_1'  data-scroll_down=''  data-control_layout='av-control-default'  data-custom_markup=''  data-perma_caption=''  data-autoplay_stopper=''  data-image_attachment='scroll'  data-min_height='0px'  data-stretch=''  class='avia-slideshow avia-slideshow-1  av-control-default av-default-height-applied avia-slideshow-no scaling av_fullscreen   avia-fade-slider '  itemscope=\"itemscope\" itemtype=\"https:\/\/schema.org\/ImageObject\" ><ul class='avia-slideshow-inner' style='padding-bottom: 63.95048994327%;'><li style='background-position:center center;' data-img-url='https:\/\/www.lestudiophotodalexandra.fr\/wp-content\/uploads\/2018\/11\/photographe-mariage-gue\u0301mene\u0301-penfao-11.jpg' class=' slide-1 ' ><div data-rel='slideshow-1' class='avia-slide-wrap'  ><\/div><\/li><li style='background-position:center center;' data-img-url='https:\/\/www.lestudiophotodalexandra.fr\/wp-content\/uploads\/2018\/11\/photographe-mariage-gue\u0301mene\u0301-penfao-9.jpg' class=' slide-2 ' ><div data-rel='slideshow-1' class='avia-slide-wrap'  ><\/div><\/li><li style='background-position:center center;' data-img-url='https:\/\/www.lestudiophotodalexandra.fr\/wp-content\/uploads\/2018\/11\/photographe-mariage-gue\u0301mene\u0301-penfao-7.jpg' class=' slide-3 ' ><div data-rel='slideshow-1' class='avia-slide-wrap'  ><\/div><\/li><\/ul><div class='avia-slideshow-arrows avia-slideshow-controls'><a href='#prev' class='prev-slide' aria-hidden='true' data-av_icon='\ue87c' data-av_iconfont='entypo-fontello'>Pr\u00e9c\u00e9dent<\/a><a href='#next' class='next-slide' aria-hidden='true' data-av_icon='\ue87d' data-av_iconfont='entypo-fontello'>Suivant<\/a><\/div><div class='avia-slideshow-dots avia-slideshow-controls'><a href='#1' class='goto-slide active' >1<\/a><a href='#2' class='goto-slide ' >2<\/a><a href='#3' class='goto-slide ' >3<\/a><\/div><\/div><\/div>\n<\/div><\/div><\/div><!-- close content main div --><\/div><\/div><div id='av_section_2' class='avia-section main_color avia-section-default avia-no-shadow avia-bg-style-scroll   container_wrap sidebar_right' style = 'background-color: #ffffff; '  ><div class='container' ><div class='template-page content  av-content-small alpha units'><div class='post-entry post-entry-type-page post-entry-3306'><div class='entry-content-wrapper clearfix'>\n<section class=\"av_textblock_section \"  itemscope=\"itemscope\" itemtype=\"https:\/\/schema.org\/CreativeWork\" ><div class='avia_textblock  '  style='font-size:16px; '  itemprop=\"text\" ><section class=\"av_textblock_section \">\n<div class=\"avia_textblock av_inherit_color av-medium-font-size-overwrite av-medium-font-size-19\">\n<p style=\"text-align: center;\">Photographe de mariage professionnel, je suis disponible pour r\u00e9aliser le reportage de votre mariage dans un style moderne et journalistique.<\/p>\n<p style=\"text-align: center;\">En tant que\u00a0<strong>photographe de mariage\u00a0<\/strong>je\u00a0prends beaucoup de plaisir \u00e0 raconter votre histoire en images, et je prends soin de ne rater aucuns moments importants de votre journ\u00e9e : \u00a0<strong>pr\u00e9paratifs de la mari\u00e9e<\/strong>,\u00a0<strong>c\u00e9r\u00e9monies de mariage<\/strong>, cocktail&#8230; J\u2019aime particuli\u00e8rement<b>\u00a0<\/b>capturer sur le vif chaque sourire, chaque larme, chaque \u00e9motion qui font de votre mariage un jour unique.\u00a0Vos\u00a0<strong>photos de mariage<\/strong>\u00a0sont importantes pour vous ainsi que vos proches, car elles constituent un patrimoine imp\u00e9rissable. Pour cette raison, je vous\u00a0livre les photos que j\u2019ai prise en haute r\u00e9solution Toutes\u00a0mes\u00a0photos sont trait\u00e9es avec un soin particulier et je peux vous proposer de r\u00e9aliser votre album de mariage si vous le souhaitez.<\/p>\n<\/div>\n<\/section>\n<section class=\"av_textblock_section \">\n<div class=\"avia_textblock av_inherit_color av-medium-font-size-overwrite av-medium-font-size-19\">\n<p style=\"text-align: center;\"><strong>Comment se d\u00e9roule le reportage de\u00a0mariage\u00a0?<\/strong><br \/>\nUn photographe de mariage ne cherche pas d\u2019avoir le contr\u00f4le total sur ce qui se passe, mais capturera toutes les \u00e9motions sur le vif. \u00a0C\u2019est le meilleur moyen d\u2019avoir des photos naturelles, qui raconte votre histoire. Je serai pr\u00e9sent, si vous le souhaitez, d\u00e8s les pr\u00e9paratifs du mariage, puis vous suivrez selon le d\u00e9roulement : c\u00e9r\u00e9monies, cocktail&#8230;<\/p>\n<p style=\"text-align: center;\">Tout au long de la journ\u00e9e, je vais d\u00e9ambuler parmi vous et les invit\u00e9s, discr\u00e8tement je vais observer et profiter des opportunit\u00e9s qui g\u00e9n\u00e9reront spontan\u00e9ment des photographies naturelles.<\/p>\n<p style=\"text-align: center;\">Pas de pose de type donc, sauf pour les photos de groupes et quelques photos de couple, mais un reportage authentique de votre c\u00e9l\u00e9bration.<\/p>\n<p style=\"text-align: center;\"><strong>Pourquoi faire appel \u00e0 un photographe de\u00a0mariage professionnel ?<\/strong><br \/>\nUn photographe de mariage professionnel contribue \u00e0 r\u00e9aliser votre patrimoine photographique en immortalisant les moments cl\u00e9s de votre vie, votre mariage, plus que tout, en fait partie. C\u2019est une trace ind\u00e9l\u00e9bile que vous pourrez laisser \u00e0 vos proches en racontant en images votre magnifique et unique journ\u00e9e. Ne laissez pas un amateur g\u00e2cher cette journ\u00e9e !<\/p>\n<\/div>\n<\/section>\n<\/div><\/section>\n<div class='avia-button-wrap avia-button-center '><a href='https:\/\/www.lestudiophotodalexandra.fr\/index.php\/contact\/' class='avia-button   avia-icon_select-no avia-color-theme-color avia-size-large avia-position-center '   ><span class='avia_iconbox_title' >Demandez votre devis<\/span><\/a><\/div>\n<\/div><\/div><\/div><!-- close content main div --><\/div><\/div><div id='after_section_2' class='main_color av_default_container_wrap container_wrap sidebar_right'   ><div class='container' ><div class='template-page content  av-content-small alpha units'><div class='post-entry post-entry-type-page post-entry-3306'><div class='entry-content-wrapper clearfix'>\n","protected":false},"excerpt":{"rendered":"","protected":false},"author":2,"featured_media":0,"parent":0,"menu_order":0,"comment_status":"open","ping_status":"open","template":"","meta":{"footnotes":""},"class_list":["post-3306","page","type-page","status-publish","hentry"],"yoast_head":"<!-- This site is optimized with the Yoast SEO plugin v26.9 - https:\/\/yoast.com\/product\/yoast-seo-wordpress\/ -->\n<title>Reportage Photo Mariage - Le Studio Photo d&#039;Alexandra<\/title>\n<meta name=\"description\" content=\"Photographe de mariage, venez me rencontrer au studio pour d\u00e9couvrir mes r\u00e9alisation et discuter de votre futur mariage et de vos envies.\" \/>\n<meta name=\"robots\" content=\"index, follow, max-snippet:-1, max-image-preview:large, max-video-preview:-1\" \/>\n<link rel=\"canonical\" href=\"https:\/\/www.lestudiophotodalexandra.fr\/index.php\/reportage-photo-mariage\/\" \/>\n<meta property=\"og:locale\" content=\"fr_FR\" \/>\n<meta property=\"og:type\" content=\"article\" \/>\n<meta property=\"og:title\" content=\"Reportage Photo Mariage - Le Studio Photo d&#039;Alexandra\" \/>\n<meta property=\"og:description\" content=\"Photographe de mariage, venez me rencontrer au studio pour d\u00e9couvrir mes r\u00e9alisation et discuter de votre futur mariage et de vos envies.\" \/>\n<meta property=\"og:url\" content=\"https:\/\/www.lestudiophotodalexandra.fr\/index.php\/reportage-photo-mariage\/\" \/>\n<meta property=\"og:site_name\" content=\"Le Studio Photo D&#039;Alexandra - Gu\u00e9men\u00e9-Penfao\" \/>\n<meta property=\"article:modified_time\" content=\"2018-11-23T13:13:16+00:00\" \/>\n<meta name=\"twitter:card\" content=\"summary_large_image\" \/>\n<meta name=\"twitter:label1\" content=\"Dur\u00e9e de lecture estim\u00e9e\" \/>\n\t<meta name=\"twitter:data1\" content=\"5 minutes\" \/>\n<script type=\"application\/ld+json\" class=\"yoast-schema-graph\">{\"@context\":\"https:\/\/schema.org\",\"@graph\":[{\"@type\":\"WebPage\",\"@id\":\"https:\/\/www.lestudiophotodalexandra.fr\/index.php\/reportage-photo-mariage\/\",\"url\":\"https:\/\/www.lestudiophotodalexandra.fr\/index.php\/reportage-photo-mariage\/\",\"name\":\"Reportage Photo Mariage - Le Studio Photo d'Alexandra\",\"isPartOf\":{\"@id\":\"https:\/\/www.lestudiophotodalexandra.fr\/#website\"},\"datePublished\":\"2018-10-18T12:33:53+00:00\",\"dateModified\":\"2018-11-23T13:13:16+00:00\",\"description\":\"Photographe de mariage, venez me rencontrer au studio pour d\u00e9couvrir mes r\u00e9alisation et discuter de votre futur mariage et de vos envies.\",\"breadcrumb\":{\"@id\":\"https:\/\/www.lestudiophotodalexandra.fr\/index.php\/reportage-photo-mariage\/#breadcrumb\"},\"inLanguage\":\"fr-FR\",\"potentialAction\":[{\"@type\":\"ReadAction\",\"target\":[\"https:\/\/www.lestudiophotodalexandra.fr\/index.php\/reportage-photo-mariage\/\"]}]},{\"@type\":\"BreadcrumbList\",\"@id\":\"https:\/\/www.lestudiophotodalexandra.fr\/index.php\/reportage-photo-mariage\/#breadcrumb\",\"itemListElement\":[{\"@type\":\"ListItem\",\"position\":1,\"name\":\"Accueil\",\"item\":\"https:\/\/www.lestudiophotodalexandra.fr\/\"},{\"@type\":\"ListItem\",\"position\":2,\"name\":\"Reportage Photo Mariage\"}]},{\"@type\":\"WebSite\",\"@id\":\"https:\/\/www.lestudiophotodalexandra.fr\/#website\",\"url\":\"https:\/\/www.lestudiophotodalexandra.fr\/\",\"name\":\"Le Studio Photo D&#039;Alexandra - Gu\u00e9men\u00e9-Penfao\",\"description\":\"Photographe de mariage, portrait, scolaire\",\"publisher\":{\"@id\":\"https:\/\/www.lestudiophotodalexandra.fr\/#organization\"},\"potentialAction\":[{\"@type\":\"SearchAction\",\"target\":{\"@type\":\"EntryPoint\",\"urlTemplate\":\"https:\/\/www.lestudiophotodalexandra.fr\/?s={search_term_string}\"},\"query-input\":{\"@type\":\"PropertyValueSpecification\",\"valueRequired\":true,\"valueName\":\"search_term_string\"}}],\"inLanguage\":\"fr-FR\"},{\"@type\":\"Organization\",\"@id\":\"https:\/\/www.lestudiophotodalexandra.fr\/#organization\",\"name\":\"Le Studio Photo D&#039;Alexandra - Gu\u00e9men\u00e9-Penfao\",\"url\":\"https:\/\/www.lestudiophotodalexandra.fr\/\",\"logo\":{\"@type\":\"ImageObject\",\"inLanguage\":\"fr-FR\",\"@id\":\"https:\/\/www.lestudiophotodalexandra.fr\/#\/schema\/logo\/image\/\",\"url\":\"https:\/\/www.lestudiophotodalexandra.fr\/wp-content\/uploads\/2018\/10\/logo_site.png\",\"contentUrl\":\"https:\/\/www.lestudiophotodalexandra.fr\/wp-content\/uploads\/2018\/10\/logo_site.png\",\"width\":340,\"height\":156,\"caption\":\"Le Studio Photo D&#039;Alexandra - Gu\u00e9men\u00e9-Penfao\"},\"image\":{\"@id\":\"https:\/\/www.lestudiophotodalexandra.fr\/#\/schema\/logo\/image\/\"}}]}<\/script>\n<!-- \/ Yoast SEO plugin. -->","yoast_head_json":{"title":"Reportage Photo Mariage - Le Studio Photo d'Alexandra","description":"Photographe de mariage, venez me rencontrer au studio pour d\u00e9couvrir mes r\u00e9alisation et discuter de votre futur mariage et de vos envies.","robots":{"index":"index","follow":"follow","max-snippet":"max-snippet:-1","max-image-preview":"max-image-preview:large","max-video-preview":"max-video-preview:-1"},"canonical":"https:\/\/www.lestudiophotodalexandra.fr\/index.php\/reportage-photo-mariage\/","og_locale":"fr_FR","og_type":"article","og_title":"Reportage Photo Mariage - Le Studio Photo d'Alexandra","og_description":"Photographe de mariage, venez me rencontrer au studio pour d\u00e9couvrir mes r\u00e9alisation et discuter de votre futur mariage et de vos envies.","og_url":"https:\/\/www.lestudiophotodalexandra.fr\/index.php\/reportage-photo-mariage\/","og_site_name":"Le Studio Photo D&#039;Alexandra - Gu\u00e9men\u00e9-Penfao","article_modified_time":"2018-11-23T13:13:16+00:00","twitter_card":"summary_large_image","twitter_misc":{"Dur\u00e9e de lecture estim\u00e9e":"5 minutes"},"schema":{"@context":"https:\/\/schema.org","@graph":[{"@type":"WebPage","@id":"https:\/\/www.lestudiophotodalexandra.fr\/index.php\/reportage-photo-mariage\/","url":"https:\/\/www.lestudiophotodalexandra.fr\/index.php\/reportage-photo-mariage\/","name":"Reportage Photo Mariage - Le Studio Photo d'Alexandra","isPartOf":{"@id":"https:\/\/www.lestudiophotodalexandra.fr\/#website"},"datePublished":"2018-10-18T12:33:53+00:00","dateModified":"2018-11-23T13:13:16+00:00","description":"Photographe de mariage, venez me rencontrer au studio pour d\u00e9couvrir mes r\u00e9alisation et discuter de votre futur mariage et de vos envies.","breadcrumb":{"@id":"https:\/\/www.lestudiophotodalexandra.fr\/index.php\/reportage-photo-mariage\/#breadcrumb"},"inLanguage":"fr-FR","potentialAction":[{"@type":"ReadAction","target":["https:\/\/www.lestudiophotodalexandra.fr\/index.php\/reportage-photo-mariage\/"]}]},{"@type":"BreadcrumbList","@id":"https:\/\/www.lestudiophotodalexandra.fr\/index.php\/reportage-photo-mariage\/#breadcrumb","itemListElement":[{"@type":"ListItem","position":1,"name":"Accueil","item":"https:\/\/www.lestudiophotodalexandra.fr\/"},{"@type":"ListItem","position":2,"name":"Reportage Photo Mariage"}]},{"@type":"WebSite","@id":"https:\/\/www.lestudiophotodalexandra.fr\/#website","url":"https:\/\/www.lestudiophotodalexandra.fr\/","name":"Le Studio Photo D&#039;Alexandra - Gu\u00e9men\u00e9-Penfao","description":"Photographe de mariage, portrait, scolaire","publisher":{"@id":"https:\/\/www.lestudiophotodalexandra.fr\/#organization"},"potentialAction":[{"@type":"SearchAction","target":{"@type":"EntryPoint","urlTemplate":"https:\/\/www.lestudiophotodalexandra.fr\/?s={search_term_string}"},"query-input":{"@type":"PropertyValueSpecification","valueRequired":true,"valueName":"search_term_string"}}],"inLanguage":"fr-FR"},{"@type":"Organization","@id":"https:\/\/www.lestudiophotodalexandra.fr\/#organization","name":"Le Studio Photo D&#039;Alexandra - Gu\u00e9men\u00e9-Penfao","url":"https:\/\/www.lestudiophotodalexandra.fr\/","logo":{"@type":"ImageObject","inLanguage":"fr-FR","@id":"https:\/\/www.lestudiophotodalexandra.fr\/#\/schema\/logo\/image\/","url":"https:\/\/www.lestudiophotodalexandra.fr\/wp-content\/uploads\/2018\/10\/logo_site.png","contentUrl":"https:\/\/www.lestudiophotodalexandra.fr\/wp-content\/uploads\/2018\/10\/logo_site.png","width":340,"height":156,"caption":"Le Studio Photo D&#039;Alexandra - Gu\u00e9men\u00e9-Penfao"},"image":{"@id":"https:\/\/www.lestudiophotodalexandra.fr\/#\/schema\/logo\/image\/"}}]}},"_links":{"self":[{"href":"https:\/\/www.lestudiophotodalexandra.fr\/index.php\/wp-json\/wp\/v2\/pages\/3306","targetHints":{"allow":["GET"]}}],"collection":[{"href":"https:\/\/www.lestudiophotodalexandra.fr\/index.php\/wp-json\/wp\/v2\/pages"}],"about":[{"href":"https:\/\/www.lestudiophotodalexandra.fr\/index.php\/wp-json\/wp\/v2\/types\/page"}],"author":[{"embeddable":true,"href":"https:\/\/www.lestudiophotodalexandra.fr\/index.php\/wp-json\/wp\/v2\/users\/2"}],"replies":[{"embeddable":true,"href":"https:\/\/www.lestudiophotodalexandra.fr\/index.php\/wp-json\/wp\/v2\/comments?post=3306"}],"version-history":[{"count":5,"href":"https:\/\/www.lestudiophotodalexandra.fr\/index.php\/wp-json\/wp\/v2\/pages\/3306\/revisions"}],"predecessor-version":[{"id":3555,"href":"https:\/\/www.lestudiophotodalexandra.fr\/index.php\/wp-json\/wp\/v2\/pages\/3306\/revisions\/3555"}],"wp:attachment":[{"href":"https:\/\/www.lestudiophotodalexandra.fr\/index.php\/wp-json\/wp\/v2\/media?parent=3306"}],"curies":[{"name":"wp","href":"https:\/\/api.w.org\/{rel}","templated":true}]}}