{"id":1167,"date":"2013-04-05T13:33:38","date_gmt":"2013-04-05T13:33:38","guid":{"rendered":"http:\/\/www.kriesi.at\/themes\/enfold\/?page_id=1167"},"modified":"2021-06-22T15:17:14","modified_gmt":"2021-06-22T13:17:14","slug":"contact","status":"publish","type":"page","link":"https:\/\/www.lestudiophotodalexandra.fr\/index.php\/contact\/","title":{"rendered":"Contact"},"content":{"rendered":"<div class=\"flex_column av_one_full  flex_column_div av-zero-column-padding first  \" style='border-radius:0px; '><div style='padding-bottom:10px;' class='av-special-heading av-special-heading-h1  blockquote modern-quote modern-centered  '><h1 class='av-special-heading-tag '  itemprop=\"headline\"  >Le Studio d\u2019Alexandra &#8211; Photographe Gu\u00e9men\u00e9-Penfao<\/h1><div class ='av-subheading av-subheading_below  ' style='font-size:15px;'><p>Contactez moi pour toutes demandes d&rsquo;informations.<\/p>\n<\/div><div class='special-heading-border'><div class='special-heading-inner-border' ><\/div><\/div><\/div><\/div>\n<section class=\"avia_codeblock_section  avia_code_block_0\"  itemscope=\"itemscope\" itemtype=\"https:\/\/schema.org\/CreativeWork\" ><div class='avia_codeblock '  itemprop=\"text\" > [avia_codeblock_placeholder uid=\"0\"] <\/div><\/section>\n<div class=\"flex_column av_one_half  flex_column_div av-zero-column-padding first  \" style='border-radius:0px; '><p><div style='height:50px' class='hr hr-invisible  '><span class='hr-inner ' ><span class='hr-inner-style'><\/span><\/span><\/div><br \/>\n<div style='padding-bottom:10px;' class='av-special-heading av-special-heading-h3     '><h3 class='av-special-heading-tag '  itemprop=\"headline\"  >Coordonn\u00e9es<\/h3><div class='special-heading-border'><div class='special-heading-inner-border' ><\/div><\/div><\/div><br \/>\n<div class='avia-icon-list-container  '><ul class='avia-icon-list avia-icon-list-left av-iconlist-big avia_animate_when_almost_visible'>\n<li><div  style='background-color:#000000; ' class='iconlist_icon  avia-font-entypo-fontello'><span class='iconlist-char ' aria-hidden='true' data-av_icon='\ue8ac' data-av_iconfont='entypo-fontello'><\/span><\/div><article class=\"article-icon-entry \"  itemscope=\"itemscope\" itemtype=\"https:\/\/schema.org\/CreativeWork\" ><div class='iconlist_content_wrap'><header class=\"entry-content-header\"><h4 class='av_iconlist_title iconlist_title av_inherit_color '  itemprop=\"headline\"   style='color:#000000; '>T\u00e9l\u00e9phone<\/h4><\/header><div class='iconlist_content av_inherit_color '  itemprop=\"text\"   style='color:#000000; '><p><a href=\"tel:02 40 79 20 05\">02 40 79 20 05<\/a> \/ <a href=\"tel:06 83 68 40 89\">06 83 68 40 89<\/a><\/p>\n<\/div><\/div><footer class=\"entry-footer\"><\/footer><\/article><div class='iconlist-timeline'><\/div><\/li>\n<li><div  style='background-color:#000000; ' class='iconlist_icon  avia-font-entypo-fontello'><span class='iconlist-char ' aria-hidden='true' data-av_icon='\ue805' data-av_iconfont='entypo-fontello'><\/span><\/div><article class=\"article-icon-entry \"  itemscope=\"itemscope\" itemtype=\"https:\/\/schema.org\/CreativeWork\" ><div class='iconlist_content_wrap'><header class=\"entry-content-header\"><h4 class='av_iconlist_title iconlist_title av_inherit_color '  itemprop=\"headline\"   style='color:#000000; '>Mail <\/h4><\/header><div class='iconlist_content av_inherit_color '  itemprop=\"text\"   style='color:#000000; '><p>hello@lestudiophotodalexandra.fr<\/p>\n<\/div><\/div><footer class=\"entry-footer\"><\/footer><\/article><div class='iconlist-timeline'><\/div><\/li>\n<li><div  style='background-color:#000000; ' class='iconlist_icon  avia-font-entypo-fontello'><span class='iconlist-char ' aria-hidden='true' data-av_icon='\ue842' data-av_iconfont='entypo-fontello'><\/span><\/div><article class=\"article-icon-entry \"  itemscope=\"itemscope\" itemtype=\"https:\/\/schema.org\/CreativeWork\" ><div class='iconlist_content_wrap'><header class=\"entry-content-header\"><h4 class='av_iconlist_title iconlist_title av_inherit_color '  itemprop=\"headline\"   style='color:#000000; '>Adresse<\/h4><\/header><div class='iconlist_content av_inherit_color '  itemprop=\"text\"   style='color:#000000; '><p>3 rue de Besl\u00e9 44290 Gu\u00e9men\u00e9-Penfao<\/p>\n<\/div><\/div><footer class=\"entry-footer\"><\/footer><\/article><div class='iconlist-timeline'><\/div><\/li>\n<li><div  style='background-color:#000000; ' class='iconlist_icon  avia-font-entypo-fontello'><span class='iconlist-char ' aria-hidden='true' data-av_icon='\ue862' data-av_iconfont='entypo-fontello'><\/span><\/div><article class=\"article-icon-entry \"  itemscope=\"itemscope\" itemtype=\"https:\/\/schema.org\/CreativeWork\" ><div class='iconlist_content_wrap'><header class=\"entry-content-header\"><h4 class='av_iconlist_title iconlist_title av_inherit_color '  itemprop=\"headline\"   style='color:#000000; '>Horaires<\/h4><\/header><div class='iconlist_content av_inherit_color '  itemprop=\"text\"   style='color:#000000; '><p>Du lundi, mardi, jeudi, vendredi : De 9h15 \u00e0 18h15 (en continu)<\/p>\n<p>Mercredi : Sur Rendez-Vous uniquement<\/p>\n<p>Samedi : De 9h30 \u00e0 13h00 et Apr\u00e8s-Midi Sur Rendez-Vous uniquement<\/p>\n<\/div><\/div><footer class=\"entry-footer\"><\/footer><\/article><div class='iconlist-timeline'><\/div><\/li>\n<\/ul><\/div><\/p><\/div><div class=\"flex_column av_one_half  flex_column_div av-zero-column-padding   \" style='border-radius:0px; '><p><div style='height:50px' class='hr hr-invisible  '><span class='hr-inner ' ><span class='hr-inner-style'><\/span><\/span><\/div><br \/>\n<div style='padding-bottom:10px;' class='av-special-heading av-special-heading-h3     '><h3 class='av-special-heading-tag '  itemprop=\"headline\"  >Formulaire de contact<\/h3><div class='special-heading-border'><div class='special-heading-inner-border' ><\/div><\/div><\/div><br \/>\n<section class=\"av_textblock_section \"  itemscope=\"itemscope\" itemtype=\"https:\/\/schema.org\/CreativeWork\" ><div class='avia_textblock  '   itemprop=\"text\" ><form method=\"post\" id=\"cntctfrm_contact_form\" class=\"cntctfrm_contact_form cntctfrm_one_column cntctfrm_ltr cntctfrm_width_default\" action=\"\/index.php\/wp-json\/wp\/v2\/pages\/1167#cntctfrm_contact_form\" enctype=\"multipart\/form-data\"><div id=\"cntctfrm_first_column\" class=\"cntctfrm_column\"><div class=\"cntctfrm_field_wrap cntctfrm_field_name_wrap\"namecontact><div class=\"cntctfrm_label cntctfrm_label_name\">\n\t\t\t\t\t\t\t\t\t<label for=\"cntctfrm_contact_name\">Nom: <span class=\"required\">*<\/span><\/label><\/div><div class=\"cntctfrm_input cntctfrm_input_name\">\n\t\t\t\t\t\t\t\t\t<input namecontact class=\"text\" type=\"text\" size=\"40\" pattern=\"^([\\p{L}\\p{M}]{2,}(\\s)*(\\p{L}+\\p{M}*-*){1,})|([\\p{L}\\p{M}]{3,})\" title=\"Veuillez saisir uniquement des lettres d'au moins 3 caract\u00e8res, les mots \u00e9tant s\u00e9par\u00e9s par des espaces\" value=\"\" name=\"cntctfrm_contact_name\" id=\"cntctfrm_contact_name\" \/><\/div><\/div><div class=\"cntctfrm_field_wrap cntctfrm_field_email_wrap\"email><div class=\"cntctfrm_label cntctfrm_label_email\">\n\t\t\t\t\t\t\t\t\t<label for=\"cntctfrm_contact_email\">Adresse e-mail: <span class=\"required\">*<\/span><\/label>\n\t\t\t\t\t\t\t\t<\/div><div class=\"cntctfrm_input cntctfrm_input_email\">\n\t\t\t\t\t\t\t\t\t<input email class=\"text\" type=\"email\" size=\"40\" value=\"\" name=\"cntctfrm_contact_email\" id=\"cntctfrm_contact_email\" \/><\/div><\/div><div class=\"cntctfrm_field_wrap cntctfrm_field_phone_wrap\"><div class=\"cntctfrm_label cntctfrm_label_phone\">\n\t\t\t\t\t\t\t\t\t\t<label for=\"cntctfrm_contact_phone\">T\u00e9l\u00e9phone: <span class=\"required\">*<\/span><\/label>\n\t\t\t\t\t\t\t\t\t<\/div><div class=\"cntctfrm_input cntctfrm_input_phone\">\n\t\t\t\t\t\t\t\t\t<input class=\"text\" type=\"text\" size=\"40\" value=\"\" pattern=\"[0-9]{6,}\" title=\"Veuillez saisir uniquement des chiffres d'au moins 6 caract\u00e8res\" name=\"cntctfrm_contact_phone\" id=\"cntctfrm_contact_phone\" \/><\/div><\/div><div class=\"cntctfrm_field_wrap cntctfrm_field_subject_wrap\"subject><div class=\"cntctfrm_label cntctfrm_label_subject\">\n\t\t\t\t\t\t\t\t\t<label for=\"cntctfrm_contact_subject\">Sujet:<\/label>\n\t\t\t\t\t\t\t\t<\/div><div class=\"cntctfrm_input cntctfrm_input_subject\">\n\t\t\t\t\t\t\t\t<input subject pattern=\"^([\\p{M}\\p{L}]{1,}(\\s\\p{M}*\\p{L}+-*)*){3,}\" title=\"Veuillez saisir uniquement des lettres d'au moins 3 caract\u00e8res, les mots \u00e9tant s\u00e9par\u00e9s par des espaces\" class=\"text\" type=\"text\" size=\"40\" value=\"\" name=\"cntctfrm_contact_subject\" id=\"cntctfrm_contact_subject\" \/><\/div><\/div><div class=\"cntctfrm_field_wrap cntctfrm_field_message_wrap\"message><div class=\"cntctfrm_label cntctfrm_label_message\">\n\t\t\t\t\t\t\t\t<label for=\"cntctfrm_contact_message\">Message: <span class=\"required\">*<\/span><\/label>\n\t\t\t\t\t\t\t<\/div><div class=\"cntctfrm_input cntctfrm_input_message\">\n\t\t\t\t\t\t\t\t<textarea message rows=\"5\" cols=\"30\"name=\"cntctfrm_contact_message\" id=\"cntctfrm_contact_message\"><\/textarea><\/div><\/div><div class=\"cntctfrm_field_wrap cntctfrm_field_captcha_wrap\"><div class=\"cntctfrm_label cntctfrm_label_captcha\">\n\t\t\t\t\t\t\t\t\t\t\t<label><\/label>\n\t\t\t\t\t\t\t\t\t\t<\/div><div class=\"cntctfrm_input cntctfrm_input_captcha\"><div class=\"gglcptch gglcptch_v2\"><div id=\"gglcptch_recaptcha_400118575\" class=\"gglcptch_recaptcha\"><\/div>\n\t\t\t\t<noscript>\n\t\t\t\t\t<div style=\"width: 302px;\">\n\t\t\t\t\t\t<div style=\"width: 302px; height: 422px; position: relative;\">\n\t\t\t\t\t\t\t<div style=\"width: 302px; height: 422px; position: absolute;\">\n\t\t\t\t\t\t\t\t<iframe src=\"https:\/\/www.google.com\/recaptcha\/api\/fallback?k=6Lc-kbYUAAAAABztYZeHjC7lMlvyDrIzfJ1xwji7\" frameborder=\"0\" scrolling=\"no\" style=\"width: 302px; height:422px; border-style: none;\"><\/iframe>\n\t\t\t\t\t\t\t<\/div>\n\t\t\t\t\t\t<\/div>\n\t\t\t\t\t\t<div style=\"border-style: none; bottom: 12px; left: 25px; margin: 0px; padding: 0px; right: 25px; background: #f9f9f9; border: 1px solid #c1c1c1; border-radius: 3px; height: 60px; width: 300px;\">\n\t\t\t\t\t\t\t<input type=\"hidden\" id=\"g-recaptcha-response\" name=\"g-recaptcha-response\" class=\"g-recaptcha-response\" style=\"width: 250px !important; height: 40px !important; border: 1px solid #c1c1c1 !important; margin: 10px 25px !important; padding: 0px !important; resize: none !important;\">\n\t\t\t\t\t\t<\/div>\n\t\t\t\t\t<\/div>\n\t\t\t\t<\/noscript><\/div><\/div><\/div><\/div><div class=\"clear\"><\/div><div class=\"cntctfrm_submit_wrap\"><div id=\"cntctfrm_submit_first_column\" class=\"cntctfrm_column\"><div class=\"cntctfrm_input cntctfrm_input_submit\"><input type=\"hidden\" value=\"1\" name=\"cntctfrmmlt_shortcode_id\"><input type=\"hidden\" value=\"send\" name=\"cntctfrm_contact_action\">\n\t\t\t\t\t\t\t<input type=\"hidden\" value=\"default\" name=\"cntctfrm_language\">\n\t\t\t\t\t\t\t<input type=\"hidden\" value=\"1\" name=\"cntctfrm_form_submited\">\n\t\t\t\t\t\t\t<input type=\"hidden\" value=\"cntctfrm_options\" name=\"cntctfrm_options_name\">\n\t\t\t\t\t\t\t<input type=\"submit\" value=\"Envoyer\" class=\"cntctfrm_contact_submit\" id=\"1\" \/>\n\t\t\t\t\t\t<\/div><\/div><div id=\"cntctfrm_submit_second_column\" class=\"cntctfrm_column\"><\/div><div class=\"clear\"><\/div>\n\t\t\t<\/div>\n\t\t\t<\/form>\n<\/div><\/section><\/p><\/div><\/p>\n","protected":false},"excerpt":{"rendered":"","protected":false},"author":2,"featured_media":0,"parent":0,"menu_order":0,"comment_status":"open","ping_status":"open","template":"","meta":{"footnotes":""},"class_list":["post-1167","page","type-page","status-publish","hentry"],"yoast_head":"<!-- This site is optimized with the Yoast SEO plugin v26.9 - https:\/\/yoast.com\/product\/yoast-seo-wordpress\/ -->\n<title>Contact - Le Studio Photo D&#039;Alexandra - Gu\u00e9men\u00e9-Penfao<\/title>\n<meta name=\"description\" content=\"Vous souhaitez un renseignement ou prendre un rendez-vous, venez sur cette page pour me contacter par mail via le formulaire ou par t\u00e9l\u00e9phone.\" \/>\n<meta name=\"robots\" content=\"index, follow, max-snippet:-1, max-image-preview:large, max-video-preview:-1\" \/>\n<link rel=\"canonical\" href=\"https:\/\/www.lestudiophotodalexandra.fr\/index.php\/contact\/\" \/>\n<meta property=\"og:locale\" content=\"fr_FR\" \/>\n<meta property=\"og:type\" content=\"article\" \/>\n<meta property=\"og:title\" content=\"Contact - Le Studio Photo D&#039;Alexandra - Gu\u00e9men\u00e9-Penfao\" \/>\n<meta property=\"og:description\" content=\"Vous souhaitez un renseignement ou prendre un rendez-vous, venez sur cette page pour me contacter par mail via le formulaire ou par t\u00e9l\u00e9phone.\" \/>\n<meta property=\"og:url\" content=\"https:\/\/www.lestudiophotodalexandra.fr\/index.php\/contact\/\" \/>\n<meta property=\"og:site_name\" content=\"Le Studio Photo D&#039;Alexandra - Gu\u00e9men\u00e9-Penfao\" \/>\n<meta property=\"article:modified_time\" content=\"2021-06-22T13:17:14+00:00\" \/>\n<meta name=\"twitter:card\" content=\"summary_large_image\" \/>\n<meta name=\"twitter:label1\" content=\"Dur\u00e9e de lecture estim\u00e9e\" \/>\n\t<meta name=\"twitter:data1\" content=\"3 minutes\" \/>\n<script type=\"application\/ld+json\" class=\"yoast-schema-graph\">{\"@context\":\"https:\/\/schema.org\",\"@graph\":[{\"@type\":\"WebPage\",\"@id\":\"https:\/\/www.lestudiophotodalexandra.fr\/index.php\/contact\/\",\"url\":\"https:\/\/www.lestudiophotodalexandra.fr\/index.php\/contact\/\",\"name\":\"Contact - Le Studio Photo D&#039;Alexandra - Gu\u00e9men\u00e9-Penfao\",\"isPartOf\":{\"@id\":\"https:\/\/www.lestudiophotodalexandra.fr\/#website\"},\"datePublished\":\"2013-04-05T13:33:38+00:00\",\"dateModified\":\"2021-06-22T13:17:14+00:00\",\"description\":\"Vous souhaitez un renseignement ou prendre un rendez-vous, venez sur cette page pour me contacter par mail via le formulaire ou par t\u00e9l\u00e9phone.\",\"breadcrumb\":{\"@id\":\"https:\/\/www.lestudiophotodalexandra.fr\/index.php\/contact\/#breadcrumb\"},\"inLanguage\":\"fr-FR\",\"potentialAction\":[{\"@type\":\"ReadAction\",\"target\":[\"https:\/\/www.lestudiophotodalexandra.fr\/index.php\/contact\/\"]}]},{\"@type\":\"BreadcrumbList\",\"@id\":\"https:\/\/www.lestudiophotodalexandra.fr\/index.php\/contact\/#breadcrumb\",\"itemListElement\":[{\"@type\":\"ListItem\",\"position\":1,\"name\":\"Accueil\",\"item\":\"https:\/\/www.lestudiophotodalexandra.fr\/\"},{\"@type\":\"ListItem\",\"position\":2,\"name\":\"Contact\"}]},{\"@type\":\"WebSite\",\"@id\":\"https:\/\/www.lestudiophotodalexandra.fr\/#website\",\"url\":\"https:\/\/www.lestudiophotodalexandra.fr\/\",\"name\":\"Le Studio Photo D&#039;Alexandra - Gu\u00e9men\u00e9-Penfao\",\"description\":\"Photographe de mariage, portrait, scolaire\",\"publisher\":{\"@id\":\"https:\/\/www.lestudiophotodalexandra.fr\/#organization\"},\"potentialAction\":[{\"@type\":\"SearchAction\",\"target\":{\"@type\":\"EntryPoint\",\"urlTemplate\":\"https:\/\/www.lestudiophotodalexandra.fr\/?s={search_term_string}\"},\"query-input\":{\"@type\":\"PropertyValueSpecification\",\"valueRequired\":true,\"valueName\":\"search_term_string\"}}],\"inLanguage\":\"fr-FR\"},{\"@type\":\"Organization\",\"@id\":\"https:\/\/www.lestudiophotodalexandra.fr\/#organization\",\"name\":\"Le Studio Photo D&#039;Alexandra - Gu\u00e9men\u00e9-Penfao\",\"url\":\"https:\/\/www.lestudiophotodalexandra.fr\/\",\"logo\":{\"@type\":\"ImageObject\",\"inLanguage\":\"fr-FR\",\"@id\":\"https:\/\/www.lestudiophotodalexandra.fr\/#\/schema\/logo\/image\/\",\"url\":\"https:\/\/www.lestudiophotodalexandra.fr\/wp-content\/uploads\/2018\/10\/logo_site.png\",\"contentUrl\":\"https:\/\/www.lestudiophotodalexandra.fr\/wp-content\/uploads\/2018\/10\/logo_site.png\",\"width\":340,\"height\":156,\"caption\":\"Le Studio Photo D&#039;Alexandra - Gu\u00e9men\u00e9-Penfao\"},\"image\":{\"@id\":\"https:\/\/www.lestudiophotodalexandra.fr\/#\/schema\/logo\/image\/\"}}]}<\/script>\n<!-- \/ Yoast SEO plugin. -->","yoast_head_json":{"title":"Contact - Le Studio Photo D&#039;Alexandra - Gu\u00e9men\u00e9-Penfao","description":"Vous souhaitez un renseignement ou prendre un rendez-vous, venez sur cette page pour me contacter par mail via le formulaire ou par t\u00e9l\u00e9phone.","robots":{"index":"index","follow":"follow","max-snippet":"max-snippet:-1","max-image-preview":"max-image-preview:large","max-video-preview":"max-video-preview:-1"},"canonical":"https:\/\/www.lestudiophotodalexandra.fr\/index.php\/contact\/","og_locale":"fr_FR","og_type":"article","og_title":"Contact - Le Studio Photo D&#039;Alexandra - Gu\u00e9men\u00e9-Penfao","og_description":"Vous souhaitez un renseignement ou prendre un rendez-vous, venez sur cette page pour me contacter par mail via le formulaire ou par t\u00e9l\u00e9phone.","og_url":"https:\/\/www.lestudiophotodalexandra.fr\/index.php\/contact\/","og_site_name":"Le Studio Photo D&#039;Alexandra - Gu\u00e9men\u00e9-Penfao","article_modified_time":"2021-06-22T13:17:14+00:00","twitter_card":"summary_large_image","twitter_misc":{"Dur\u00e9e de lecture estim\u00e9e":"3 minutes"},"schema":{"@context":"https:\/\/schema.org","@graph":[{"@type":"WebPage","@id":"https:\/\/www.lestudiophotodalexandra.fr\/index.php\/contact\/","url":"https:\/\/www.lestudiophotodalexandra.fr\/index.php\/contact\/","name":"Contact - Le Studio Photo D&#039;Alexandra - Gu\u00e9men\u00e9-Penfao","isPartOf":{"@id":"https:\/\/www.lestudiophotodalexandra.fr\/#website"},"datePublished":"2013-04-05T13:33:38+00:00","dateModified":"2021-06-22T13:17:14+00:00","description":"Vous souhaitez un renseignement ou prendre un rendez-vous, venez sur cette page pour me contacter par mail via le formulaire ou par t\u00e9l\u00e9phone.","breadcrumb":{"@id":"https:\/\/www.lestudiophotodalexandra.fr\/index.php\/contact\/#breadcrumb"},"inLanguage":"fr-FR","potentialAction":[{"@type":"ReadAction","target":["https:\/\/www.lestudiophotodalexandra.fr\/index.php\/contact\/"]}]},{"@type":"BreadcrumbList","@id":"https:\/\/www.lestudiophotodalexandra.fr\/index.php\/contact\/#breadcrumb","itemListElement":[{"@type":"ListItem","position":1,"name":"Accueil","item":"https:\/\/www.lestudiophotodalexandra.fr\/"},{"@type":"ListItem","position":2,"name":"Contact"}]},{"@type":"WebSite","@id":"https:\/\/www.lestudiophotodalexandra.fr\/#website","url":"https:\/\/www.lestudiophotodalexandra.fr\/","name":"Le Studio Photo D&#039;Alexandra - Gu\u00e9men\u00e9-Penfao","description":"Photographe de mariage, portrait, scolaire","publisher":{"@id":"https:\/\/www.lestudiophotodalexandra.fr\/#organization"},"potentialAction":[{"@type":"SearchAction","target":{"@type":"EntryPoint","urlTemplate":"https:\/\/www.lestudiophotodalexandra.fr\/?s={search_term_string}"},"query-input":{"@type":"PropertyValueSpecification","valueRequired":true,"valueName":"search_term_string"}}],"inLanguage":"fr-FR"},{"@type":"Organization","@id":"https:\/\/www.lestudiophotodalexandra.fr\/#organization","name":"Le Studio Photo D&#039;Alexandra - Gu\u00e9men\u00e9-Penfao","url":"https:\/\/www.lestudiophotodalexandra.fr\/","logo":{"@type":"ImageObject","inLanguage":"fr-FR","@id":"https:\/\/www.lestudiophotodalexandra.fr\/#\/schema\/logo\/image\/","url":"https:\/\/www.lestudiophotodalexandra.fr\/wp-content\/uploads\/2018\/10\/logo_site.png","contentUrl":"https:\/\/www.lestudiophotodalexandra.fr\/wp-content\/uploads\/2018\/10\/logo_site.png","width":340,"height":156,"caption":"Le Studio Photo D&#039;Alexandra - Gu\u00e9men\u00e9-Penfao"},"image":{"@id":"https:\/\/www.lestudiophotodalexandra.fr\/#\/schema\/logo\/image\/"}}]}},"_links":{"self":[{"href":"https:\/\/www.lestudiophotodalexandra.fr\/index.php\/wp-json\/wp\/v2\/pages\/1167","targetHints":{"allow":["GET"]}}],"collection":[{"href":"https:\/\/www.lestudiophotodalexandra.fr\/index.php\/wp-json\/wp\/v2\/pages"}],"about":[{"href":"https:\/\/www.lestudiophotodalexandra.fr\/index.php\/wp-json\/wp\/v2\/types\/page"}],"author":[{"embeddable":true,"href":"https:\/\/www.lestudiophotodalexandra.fr\/index.php\/wp-json\/wp\/v2\/users\/2"}],"replies":[{"embeddable":true,"href":"https:\/\/www.lestudiophotodalexandra.fr\/index.php\/wp-json\/wp\/v2\/comments?post=1167"}],"version-history":[{"count":10,"href":"https:\/\/www.lestudiophotodalexandra.fr\/index.php\/wp-json\/wp\/v2\/pages\/1167\/revisions"}],"predecessor-version":[{"id":3709,"href":"https:\/\/www.lestudiophotodalexandra.fr\/index.php\/wp-json\/wp\/v2\/pages\/1167\/revisions\/3709"}],"wp:attachment":[{"href":"https:\/\/www.lestudiophotodalexandra.fr\/index.php\/wp-json\/wp\/v2\/media?parent=1167"}],"curies":[{"name":"wp","href":"https:\/\/api.w.org\/{rel}","templated":true}]}}