{"id":1097,"date":"2013-04-04T22:55:50","date_gmt":"2013-04-04T22:55:50","guid":{"rendered":"http:\/\/www.kriesi.at\/themes\/enfold\/?page_id=1097"},"modified":"2018-11-23T14:10:08","modified_gmt":"2018-11-23T13:10:08","slug":"book-photo","status":"publish","type":"page","link":"https:\/\/www.lestudiophotodalexandra.fr\/index.php\/book-photo\/","title":{"rendered":"Portfolio"},"content":{"rendered":"<div style='padding-bottom:10px;' class='av-special-heading av-special-heading-h1  blockquote modern-quote modern-centered   '><h1 class='av-special-heading-tag '  itemprop=\"headline\"  >Portfolio<\/h1><div class ='av-subheading av-subheading_below  ' style='font-size:15px;'><p>D\u00e9couvrez mon savoir-faire au travers de mes books photos.<\/p>\n<\/div><div class='special-heading-border'><div class='special-heading-inner-border' ><\/div><\/div><\/div>\n<div style=' margin-top:30px; margin-bottom:30px;'  class='hr hr-custom hr-center hr-icon-yes  '><span class='hr-inner   inner-border-av-border-thin' style=' width:50px; border-color:#000000;' ><span class='hr-inner-style'><\/span><\/span><span class='av-seperator-icon'  aria-hidden='true' data-av_icon='\ue808' data-av_iconfont='entypo-fontello'><\/span><span class='hr-inner   inner-border-av-border-thin' style=' width:50px; border-color:#000000;' ><span class='hr-inner-style'><\/span><\/span><\/div>\n<div class='sort_width_container  av-sort-yes' data-portfolio-id='1' ><div id='js_sort_items' ><div class='sort_by_cat  '><a href=\"#\" data-filter=\"all_sort\" class=\"all_sort_button active_sort\"><span class=\"inner_sort_button\"><span>Tout<\/span><small class=\"av-cat-count\"> 5 <\/small><\/span><\/a><span class='text-sep cabine-photo_sort_sep'>\/<\/span><a href=\"#\" data-filter=\"cabine-photo_sort\" class=\"cabine-photo_sort_button\" ><span class=\"inner_sort_button\"><span>Cabine Photo<\/span><small class='av-cat-count'> 1 <\/small><\/span><\/a><span class='text-sep mariage_sort_sep'>\/<\/span><a href=\"#\" data-filter=\"mariage_sort\" class=\"mariage_sort_button\" ><span class=\"inner_sort_button\"><span>Mariage<\/span><small class='av-cat-count'> 1 <\/small><\/span><\/a><span class='text-sep photo-scolaire_sort_sep'>\/<\/span><a href=\"#\" data-filter=\"photo-scolaire_sort\" class=\"photo-scolaire_sort_button\" ><span class=\"inner_sort_button\"><span>Photo Scolaire<\/span><small class='av-cat-count'> 1 <\/small><\/span><\/a><span class='text-sep portrait_sort_sep'>\/<\/span><a href=\"#\" data-filter=\"portrait_sort\" class=\"portrait_sort_button\" ><span class=\"inner_sort_button\"><span>Portrait<\/span><small class='av-cat-count'> 1 <\/small><\/span><\/a><span class='text-sep stage-photo_sort_sep'>\/<\/span><a href=\"#\" data-filter=\"stage-photo_sort\" class=\"stage-photo_sort_button\" ><span class=\"inner_sort_button\"><span>Stage Photo<\/span><small class='av-cat-count'> 1 <\/small><\/span><\/a><\/div><\/div><\/div><div class=' grid-sort-container isotope   no_margin-container with-title-container grid-total-odd grid-col-5 grid-links-' data-portfolio-id='1'><div data-ajax-id='3540' class=' grid-entry flex_column isotope-item all_sort no_margin post-entry post-entry-3540 grid-entry-overview grid-loop-1 grid-parity-odd  stage-photo_sort  av_one_fifth first default_av_fullwidth '><article class='main_color inner-entry'  itemscope=\"itemscope\" itemtype=\"https:\/\/schema.org\/CreativeWork\" ><a href='https:\/\/www.lestudiophotodalexandra.fr\/index.php\/portfolio-item\/stage-photo\/' title='Stage Photo'  data-rel='grid-1' class='grid-image avia-hover-fx'><img loading=\"lazy\" decoding=\"async\" width=\"260\" height=\"185\" src=\"https:\/\/www.lestudiophotodalexandra.fr\/wp-content\/uploads\/2018\/11\/pho-260x185.jpg\" class=\"attachment-portfolio_small size-portfolio_small wp-post-image\" alt=\"\" \/><\/a><div class='grid-content'><div class='avia-arrow'><\/div><header class=\"entry-content-header\"><h3 class='grid-entry-title entry-title'  itemprop=\"headline\" ><a href='https:\/\/www.lestudiophotodalexandra.fr\/index.php\/portfolio-item\/stage-photo\/' title='Stage Photo'>Stage Photo<\/a><\/h3><\/header><\/div><footer class=\"entry-footer\"><\/footer><\/article><\/div><div data-ajax-id='3535' class=' grid-entry flex_column isotope-item all_sort no_margin post-entry post-entry-3535 grid-entry-overview grid-loop-2 grid-parity-even  portrait_sort  av_one_fifth  default_av_fullwidth '><article class='main_color inner-entry'  itemscope=\"itemscope\" itemtype=\"https:\/\/schema.org\/CreativeWork\" ><a href='https:\/\/www.lestudiophotodalexandra.fr\/index.php\/portfolio-item\/portrait\/' title='Portrait'  data-rel='grid-1' class='grid-image avia-hover-fx'><img loading=\"lazy\" decoding=\"async\" width=\"260\" height=\"185\" src=\"https:\/\/www.lestudiophotodalexandra.fr\/wp-content\/uploads\/2018\/11\/DSC3526-260x185.jpg\" class=\"attachment-portfolio_small size-portfolio_small wp-post-image\" alt=\"\" \/><\/a><div class='grid-content'><div class='avia-arrow'><\/div><header class=\"entry-content-header\"><h3 class='grid-entry-title entry-title'  itemprop=\"headline\" ><a href='https:\/\/www.lestudiophotodalexandra.fr\/index.php\/portfolio-item\/portrait\/' title='Portrait'>Portrait<\/a><\/h3><\/header><\/div><footer class=\"entry-footer\"><\/footer><\/article><\/div><div data-ajax-id='3529' class=' grid-entry flex_column isotope-item all_sort no_margin post-entry post-entry-3529 grid-entry-overview grid-loop-3 grid-parity-odd  mariage_sort  av_one_fifth  default_av_fullwidth '><article class='main_color inner-entry'  itemscope=\"itemscope\" itemtype=\"https:\/\/schema.org\/CreativeWork\" ><a href='https:\/\/www.lestudiophotodalexandra.fr\/index.php\/portfolio-item\/mariage\/' title='Mariage'  data-rel='grid-1' class='grid-image avia-hover-fx'><img loading=\"lazy\" decoding=\"async\" width=\"260\" height=\"185\" src=\"https:\/\/www.lestudiophotodalexandra.fr\/wp-content\/uploads\/2018\/11\/photographe-mariage-gue\u0301mene\u0301-penfao-11-260x185.jpg\" class=\"attachment-portfolio_small size-portfolio_small wp-post-image\" alt=\"\" \/><\/a><div class='grid-content'><div class='avia-arrow'><\/div><header class=\"entry-content-header\"><h3 class='grid-entry-title entry-title'  itemprop=\"headline\" ><a href='https:\/\/www.lestudiophotodalexandra.fr\/index.php\/portfolio-item\/mariage\/' title='Mariage'>Mariage<\/a><\/h3><\/header><\/div><footer class=\"entry-footer\"><\/footer><\/article><\/div><div data-ajax-id='3531' class=' grid-entry flex_column isotope-item all_sort no_margin post-entry post-entry-3531 grid-entry-overview grid-loop-4 grid-parity-even  photo-scolaire_sort  av_one_fifth  default_av_fullwidth '><article class='main_color inner-entry'  itemscope=\"itemscope\" itemtype=\"https:\/\/schema.org\/CreativeWork\" ><a href='https:\/\/www.lestudiophotodalexandra.fr\/index.php\/portfolio-item\/photo-scolaire\/' title='Photo Scolaire'  data-rel='grid-1' class='grid-image avia-hover-fx'><img loading=\"lazy\" decoding=\"async\" width=\"260\" height=\"185\" src=\"https:\/\/www.lestudiophotodalexandra.fr\/wp-content\/uploads\/2018\/11\/AULNETTE_TYLIO_GS_DSC__00059-260x185.jpeg\" class=\"attachment-portfolio_small size-portfolio_small wp-post-image\" alt=\"\" \/><\/a><div class='grid-content'><div class='avia-arrow'><\/div><header class=\"entry-content-header\"><h3 class='grid-entry-title entry-title'  itemprop=\"headline\" ><a href='https:\/\/www.lestudiophotodalexandra.fr\/index.php\/portfolio-item\/photo-scolaire\/' title='Photo Scolaire'>Photo Scolaire<\/a><\/h3><\/header><\/div><footer class=\"entry-footer\"><\/footer><\/article><\/div><div data-ajax-id='3372' class=' grid-entry flex_column isotope-item all_sort no_margin post-entry post-entry-3372 grid-entry-overview grid-loop-5 grid-parity-odd  post-entry-last  cabine-photo_sort  av_one_fifth  default_av_fullwidth '><article class='main_color inner-entry'  itemscope=\"itemscope\" itemtype=\"https:\/\/schema.org\/CreativeWork\" ><a href='https:\/\/www.lestudiophotodalexandra.fr\/index.php\/portfolio-item\/cabine-photo\/' title='Cabine Photo'  data-rel='grid-1' class='grid-image avia-hover-fx'><img loading=\"lazy\" decoding=\"async\" width=\"260\" height=\"185\" src=\"https:\/\/www.lestudiophotodalexandra.fr\/wp-content\/uploads\/2018\/11\/booth-260x185.jpg\" class=\"attachment-portfolio_small size-portfolio_small wp-post-image\" alt=\"\" \/><\/a><div class='grid-content'><div class='avia-arrow'><\/div><header class=\"entry-content-header\"><h3 class='grid-entry-title entry-title'  itemprop=\"headline\" ><a href='https:\/\/www.lestudiophotodalexandra.fr\/index.php\/portfolio-item\/cabine-photo\/' title='Cabine Photo'>Cabine Photo<\/a><\/h3><\/header><\/div><footer class=\"entry-footer\"><\/footer><\/article><\/div><\/div>\n<div style=' margin-top:30px; margin-bottom:30px;'  class='hr hr-custom hr-center hr-icon-yes  '><span class='hr-inner   inner-border-av-border-thin' style=' width:50px; border-color:#000000;' ><span class='hr-inner-style'><\/span><\/span><span class='av-seperator-icon'  aria-hidden='true' data-av_icon='\ue808' data-av_iconfont='entypo-fontello'><\/span><span class='hr-inner   inner-border-av-border-thin' style=' width:50px; border-color:#000000;' ><span class='hr-inner-style'><\/span><\/span><\/div>\n","protected":false},"excerpt":{"rendered":"<p>This is a Page excerpt. It will be displayed for search results<\/p>\n","protected":false},"author":2,"featured_media":0,"parent":0,"menu_order":0,"comment_status":"open","ping_status":"open","template":"","meta":{"footnotes":""},"class_list":["post-1097","page","type-page","status-publish","hentry"],"yoast_head":"<!-- This site is optimized with the Yoast SEO plugin v26.9 - https:\/\/yoast.com\/product\/yoast-seo-wordpress\/ -->\n<title>Portfolio - Le Studio Photo D&#039;Alexandra - Gu\u00e9men\u00e9-Penfao<\/title>\n<meta name=\"description\" content=\"Porfolio, un book de mes r\u00e9alisations de photographie afin de vous montrer mon savoir-faire et mon sens de la cr\u00e9ativit\u00e9, du mariage au portrait.\" \/>\n<meta name=\"robots\" content=\"index, follow, max-snippet:-1, max-image-preview:large, max-video-preview:-1\" \/>\n<link rel=\"canonical\" href=\"https:\/\/www.lestudiophotodalexandra.fr\/index.php\/book-photo\/\" \/>\n<meta property=\"og:locale\" content=\"fr_FR\" \/>\n<meta property=\"og:type\" content=\"article\" \/>\n<meta property=\"og:title\" content=\"Portfolio - Le Studio Photo D&#039;Alexandra - Gu\u00e9men\u00e9-Penfao\" \/>\n<meta property=\"og:description\" content=\"Porfolio, un book de mes r\u00e9alisations de photographie afin de vous montrer mon savoir-faire et mon sens de la cr\u00e9ativit\u00e9, du mariage au portrait.\" \/>\n<meta property=\"og:url\" content=\"https:\/\/www.lestudiophotodalexandra.fr\/index.php\/book-photo\/\" \/>\n<meta property=\"og:site_name\" content=\"Le Studio Photo D&#039;Alexandra - Gu\u00e9men\u00e9-Penfao\" \/>\n<meta property=\"article:modified_time\" content=\"2018-11-23T13:10:08+00:00\" \/>\n<meta name=\"twitter:card\" content=\"summary_large_image\" \/>\n<meta name=\"twitter:label1\" content=\"Dur\u00e9e de lecture estim\u00e9e\" \/>\n\t<meta name=\"twitter:data1\" content=\"1 minute\" \/>\n<script type=\"application\/ld+json\" class=\"yoast-schema-graph\">{\"@context\":\"https:\/\/schema.org\",\"@graph\":[{\"@type\":\"WebPage\",\"@id\":\"https:\/\/www.lestudiophotodalexandra.fr\/index.php\/book-photo\/\",\"url\":\"https:\/\/www.lestudiophotodalexandra.fr\/index.php\/book-photo\/\",\"name\":\"Portfolio - Le Studio Photo D&#039;Alexandra - Gu\u00e9men\u00e9-Penfao\",\"isPartOf\":{\"@id\":\"https:\/\/www.lestudiophotodalexandra.fr\/#website\"},\"datePublished\":\"2013-04-04T22:55:50+00:00\",\"dateModified\":\"2018-11-23T13:10:08+00:00\",\"description\":\"Porfolio, un book de mes r\u00e9alisations de photographie afin de vous montrer mon savoir-faire et mon sens de la cr\u00e9ativit\u00e9, du mariage au portrait.\",\"breadcrumb\":{\"@id\":\"https:\/\/www.lestudiophotodalexandra.fr\/index.php\/book-photo\/#breadcrumb\"},\"inLanguage\":\"fr-FR\",\"potentialAction\":[{\"@type\":\"ReadAction\",\"target\":[\"https:\/\/www.lestudiophotodalexandra.fr\/index.php\/book-photo\/\"]}]},{\"@type\":\"BreadcrumbList\",\"@id\":\"https:\/\/www.lestudiophotodalexandra.fr\/index.php\/book-photo\/#breadcrumb\",\"itemListElement\":[{\"@type\":\"ListItem\",\"position\":1,\"name\":\"Accueil\",\"item\":\"https:\/\/www.lestudiophotodalexandra.fr\/\"},{\"@type\":\"ListItem\",\"position\":2,\"name\":\"Portfolio\"}]},{\"@type\":\"WebSite\",\"@id\":\"https:\/\/www.lestudiophotodalexandra.fr\/#website\",\"url\":\"https:\/\/www.lestudiophotodalexandra.fr\/\",\"name\":\"Le Studio Photo D&#039;Alexandra - Gu\u00e9men\u00e9-Penfao\",\"description\":\"Photographe de mariage, portrait, scolaire\",\"publisher\":{\"@id\":\"https:\/\/www.lestudiophotodalexandra.fr\/#organization\"},\"potentialAction\":[{\"@type\":\"SearchAction\",\"target\":{\"@type\":\"EntryPoint\",\"urlTemplate\":\"https:\/\/www.lestudiophotodalexandra.fr\/?s={search_term_string}\"},\"query-input\":{\"@type\":\"PropertyValueSpecification\",\"valueRequired\":true,\"valueName\":\"search_term_string\"}}],\"inLanguage\":\"fr-FR\"},{\"@type\":\"Organization\",\"@id\":\"https:\/\/www.lestudiophotodalexandra.fr\/#organization\",\"name\":\"Le Studio Photo D&#039;Alexandra - Gu\u00e9men\u00e9-Penfao\",\"url\":\"https:\/\/www.lestudiophotodalexandra.fr\/\",\"logo\":{\"@type\":\"ImageObject\",\"inLanguage\":\"fr-FR\",\"@id\":\"https:\/\/www.lestudiophotodalexandra.fr\/#\/schema\/logo\/image\/\",\"url\":\"https:\/\/www.lestudiophotodalexandra.fr\/wp-content\/uploads\/2018\/10\/logo_site.png\",\"contentUrl\":\"https:\/\/www.lestudiophotodalexandra.fr\/wp-content\/uploads\/2018\/10\/logo_site.png\",\"width\":340,\"height\":156,\"caption\":\"Le Studio Photo D&#039;Alexandra - Gu\u00e9men\u00e9-Penfao\"},\"image\":{\"@id\":\"https:\/\/www.lestudiophotodalexandra.fr\/#\/schema\/logo\/image\/\"}}]}<\/script>\n<!-- \/ Yoast SEO plugin. -->","yoast_head_json":{"title":"Portfolio - Le Studio Photo D&#039;Alexandra - Gu\u00e9men\u00e9-Penfao","description":"Porfolio, un book de mes r\u00e9alisations de photographie afin de vous montrer mon savoir-faire et mon sens de la cr\u00e9ativit\u00e9, du mariage au portrait.","robots":{"index":"index","follow":"follow","max-snippet":"max-snippet:-1","max-image-preview":"max-image-preview:large","max-video-preview":"max-video-preview:-1"},"canonical":"https:\/\/www.lestudiophotodalexandra.fr\/index.php\/book-photo\/","og_locale":"fr_FR","og_type":"article","og_title":"Portfolio - Le Studio Photo D&#039;Alexandra - Gu\u00e9men\u00e9-Penfao","og_description":"Porfolio, un book de mes r\u00e9alisations de photographie afin de vous montrer mon savoir-faire et mon sens de la cr\u00e9ativit\u00e9, du mariage au portrait.","og_url":"https:\/\/www.lestudiophotodalexandra.fr\/index.php\/book-photo\/","og_site_name":"Le Studio Photo D&#039;Alexandra - Gu\u00e9men\u00e9-Penfao","article_modified_time":"2018-11-23T13:10:08+00:00","twitter_card":"summary_large_image","twitter_misc":{"Dur\u00e9e de lecture estim\u00e9e":"1 minute"},"schema":{"@context":"https:\/\/schema.org","@graph":[{"@type":"WebPage","@id":"https:\/\/www.lestudiophotodalexandra.fr\/index.php\/book-photo\/","url":"https:\/\/www.lestudiophotodalexandra.fr\/index.php\/book-photo\/","name":"Portfolio - Le Studio Photo D&#039;Alexandra - Gu\u00e9men\u00e9-Penfao","isPartOf":{"@id":"https:\/\/www.lestudiophotodalexandra.fr\/#website"},"datePublished":"2013-04-04T22:55:50+00:00","dateModified":"2018-11-23T13:10:08+00:00","description":"Porfolio, un book de mes r\u00e9alisations de photographie afin de vous montrer mon savoir-faire et mon sens de la cr\u00e9ativit\u00e9, du mariage au portrait.","breadcrumb":{"@id":"https:\/\/www.lestudiophotodalexandra.fr\/index.php\/book-photo\/#breadcrumb"},"inLanguage":"fr-FR","potentialAction":[{"@type":"ReadAction","target":["https:\/\/www.lestudiophotodalexandra.fr\/index.php\/book-photo\/"]}]},{"@type":"BreadcrumbList","@id":"https:\/\/www.lestudiophotodalexandra.fr\/index.php\/book-photo\/#breadcrumb","itemListElement":[{"@type":"ListItem","position":1,"name":"Accueil","item":"https:\/\/www.lestudiophotodalexandra.fr\/"},{"@type":"ListItem","position":2,"name":"Portfolio"}]},{"@type":"WebSite","@id":"https:\/\/www.lestudiophotodalexandra.fr\/#website","url":"https:\/\/www.lestudiophotodalexandra.fr\/","name":"Le Studio Photo D&#039;Alexandra - Gu\u00e9men\u00e9-Penfao","description":"Photographe de mariage, portrait, scolaire","publisher":{"@id":"https:\/\/www.lestudiophotodalexandra.fr\/#organization"},"potentialAction":[{"@type":"SearchAction","target":{"@type":"EntryPoint","urlTemplate":"https:\/\/www.lestudiophotodalexandra.fr\/?s={search_term_string}"},"query-input":{"@type":"PropertyValueSpecification","valueRequired":true,"valueName":"search_term_string"}}],"inLanguage":"fr-FR"},{"@type":"Organization","@id":"https:\/\/www.lestudiophotodalexandra.fr\/#organization","name":"Le Studio Photo D&#039;Alexandra - Gu\u00e9men\u00e9-Penfao","url":"https:\/\/www.lestudiophotodalexandra.fr\/","logo":{"@type":"ImageObject","inLanguage":"fr-FR","@id":"https:\/\/www.lestudiophotodalexandra.fr\/#\/schema\/logo\/image\/","url":"https:\/\/www.lestudiophotodalexandra.fr\/wp-content\/uploads\/2018\/10\/logo_site.png","contentUrl":"https:\/\/www.lestudiophotodalexandra.fr\/wp-content\/uploads\/2018\/10\/logo_site.png","width":340,"height":156,"caption":"Le Studio Photo D&#039;Alexandra - Gu\u00e9men\u00e9-Penfao"},"image":{"@id":"https:\/\/www.lestudiophotodalexandra.fr\/#\/schema\/logo\/image\/"}}]}},"_links":{"self":[{"href":"https:\/\/www.lestudiophotodalexandra.fr\/index.php\/wp-json\/wp\/v2\/pages\/1097","targetHints":{"allow":["GET"]}}],"collection":[{"href":"https:\/\/www.lestudiophotodalexandra.fr\/index.php\/wp-json\/wp\/v2\/pages"}],"about":[{"href":"https:\/\/www.lestudiophotodalexandra.fr\/index.php\/wp-json\/wp\/v2\/types\/page"}],"author":[{"embeddable":true,"href":"https:\/\/www.lestudiophotodalexandra.fr\/index.php\/wp-json\/wp\/v2\/users\/2"}],"replies":[{"embeddable":true,"href":"https:\/\/www.lestudiophotodalexandra.fr\/index.php\/wp-json\/wp\/v2\/comments?post=1097"}],"version-history":[{"count":6,"href":"https:\/\/www.lestudiophotodalexandra.fr\/index.php\/wp-json\/wp\/v2\/pages\/1097\/revisions"}],"predecessor-version":[{"id":3552,"href":"https:\/\/www.lestudiophotodalexandra.fr\/index.php\/wp-json\/wp\/v2\/pages\/1097\/revisions\/3552"}],"wp:attachment":[{"href":"https:\/\/www.lestudiophotodalexandra.fr\/index.php\/wp-json\/wp\/v2\/media?parent=1097"}],"curies":[{"name":"wp","href":"https:\/\/api.w.org\/{rel}","templated":true}]}}